{"id":2098,"date":"2020-07-02T13:51:01","date_gmt":"2020-07-02T13:51:01","guid":{"rendered":"https:\/\/revista.isfin.ro\/?page_id=2098"},"modified":"2025-05-30T14:22:57","modified_gmt":"2025-05-30T14:22:57","slug":"misiune","status":"publish","type":"page","link":"https:\/\/revista.isfin.ro\/en\/misiune\/","title":{"rendered":"MISSION"},"content":{"rendered":"<div data-elementor-type=\"wp-page\" data-elementor-id=\"2098\" class=\"elementor elementor-2098\" data-elementor-settings=\"[]\">\n\t\t\t\t\t\t<div class=\"elementor-inner\">\n\t\t\t\t\t\t\t<div class=\"elementor-section-wrap\">\n\t\t\t\t\t\t\t<section class=\"elementor-section elementor-top-section elementor-element elementor-element-412801cb elementor-section-boxed elementor-section-height-default elementor-section-height-default\" data-id=\"412801cb\" data-element_type=\"section\">\n\t\t\t\t\t\t<div class=\"elementor-container elementor-column-gap-default\">\n\t\t\t\t\t\t\t<div class=\"elementor-row\">\n\t\t\t\t\t<div class=\"elementor-column elementor-col-50 elementor-top-column elementor-element elementor-element-6ddd9746\" data-id=\"6ddd9746\" data-element_type=\"column\">\n\t\t\t<div class=\"elementor-column-wrap elementor-element-populated\">\n\t\t\t\t\t\t\t<div class=\"elementor-widget-wrap\">\n\t\t\t\t\t\t<div class=\"elementor-element elementor-element-4b7d2b28 eael-infobox-content-align-center elementor-widget elementor-widget-eael-info-box\" data-id=\"4b7d2b28\" data-element_type=\"widget\" data-widget_type=\"eael-info-box.default\">\n\t\t\t\t<div class=\"elementor-widget-container\">\n\t\t\t        <a href=\"https:\/\/revista.isfin.ro\/en\/\"  >            <div class=\"eael-infobox\">\n                    <div class=\"infobox-content\">\n            <h4 class=\"title\"><\/h4>\n                                                                        <p><p style=\"text-align: left;\">HOME<\/p><\/p>\n                                                                            <\/div>\n    <\/div><\/a>\t\t<\/div>\n\t\t\t\t<\/div>\n\t\t\t\t<div class=\"elementor-element elementor-element-1f008061 eael-infobox-content-align-center elementor-widget elementor-widget-eael-info-box\" data-id=\"1f008061\" data-element_type=\"widget\" data-widget_type=\"eael-info-box.default\">\n\t\t\t\t<div class=\"elementor-widget-container\">\n\t\t\t        <a href=\"https:\/\/revista.isfin.ro\/en\/indexare\/\"  >            <div class=\"eael-infobox\">\n                    <div class=\"infobox-content\">\n            <h4 class=\"title\"><\/h4>\n                                                                        <p><p style=\"text-align: left;\">BDI INDEXING<\/p><\/p>\n                                                                            <\/div>\n    <\/div><\/a>\t\t<\/div>\n\t\t\t\t<\/div>\n\t\t\t\t<div class=\"elementor-element elementor-element-354437e8 elementor-widget elementor-widget-html\" data-id=\"354437e8\" data-element_type=\"widget\" data-widget_type=\"html.default\">\n\t\t\t\t<div class=\"elementor-widget-container\">\n\t\t\t<script> jQuery(document).ready(function($) { var delay = 100; setTimeout(function() { $('.elementor-tab-title').removeClass('elementor-active'); $('.elementor-tab-content').css('display', 'none'); }, delay); }); <\/script>\t\t<\/div>\n\t\t\t\t<\/div>\n\t\t\t\t<div class=\"elementor-element elementor-element-dca212a elementor-widget elementor-widget-accordion\" data-id=\"dca212a\" data-element_type=\"widget\" data-widget_type=\"accordion.default\">\n\t\t\t\t<div class=\"elementor-widget-container\">\n\t\t\t\t\t<div class=\"elementor-accordion\" role=\"tablist\">\n\t\t\t\t\t\t\t<div class=\"elementor-accordion-item\">\n\t\t\t\t\t<div id=\"elementor-tab-title-2311\" class=\"elementor-tab-title\" data-tab=\"1\" role=\"tab\" aria-controls=\"elementor-tab-content-2311\" aria-expanded=\"false\">\n\t\t\t\t\t\t\t\t\t\t\t\t\t<span class=\"elementor-accordion-icon elementor-accordion-icon-right\" aria-hidden=\"true\">\n\t\t\t\t\t\t\t\t\t\t\t\t\t\t\t<span class=\"elementor-accordion-icon-closed\"><i class=\"fas fa-chevron-down\"><\/i><\/span>\n\t\t\t\t\t\t\t\t<span class=\"elementor-accordion-icon-opened\"><i class=\"fas fa-chevron-up\"><\/i><\/span>\n\t\t\t\t\t\t\t\t\t\t\t\t\t\t<\/span>\n\t\t\t\t\t\t\t\t\t\t\t\t<a class=\"elementor-accordion-title\" href=\"\">GUIDE FOR AUTHORS<\/a>\n\t\t\t\t\t<\/div>\n\t\t\t\t\t<div id=\"elementor-tab-content-2311\" class=\"elementor-tab-content elementor-clearfix\" data-tab=\"1\" role=\"tabpanel\" aria-labelledby=\"elementor-tab-title-2311\"><p>Template<br \/>&gt; <a href=\"\/wp-content\/uploads\/2025\/05\/Template_EN_19_2025.doc\" target=\"_blank\" rel=\"noopener\">English<\/a><\/p><\/div>\n\t\t\t\t<\/div>\n\t\t\t\t\t\t\t\t<\/div>\n\t\t\t\t<\/div>\n\t\t\t\t<\/div>\n\t\t\t\t<div class=\"elementor-element elementor-element-49d46d65 eael-infobox-content-align-center elementor-widget elementor-widget-eael-info-box\" data-id=\"49d46d65\" data-element_type=\"widget\" data-widget_type=\"eael-info-box.default\">\n\t\t\t\t<div class=\"elementor-widget-container\">\n\t\t\t        <a href=\"https:\/\/revista.isfin.ro\/en\/articole-premiate\/\"  >            <div class=\"eael-infobox\">\n                    <div class=\"infobox-content\">\n            <h4 class=\"title\"><\/h4>\n                                                                        <p><p style=\"text-align: left;\">PRIZED ARTICLES<\/p><\/p>\n                                                                            <\/div>\n    <\/div><\/a>\t\t<\/div>\n\t\t\t\t<\/div>\n\t\t\t\t<div class=\"elementor-element elementor-element-1efd2f94 elementor-widget elementor-widget-image\" data-id=\"1efd2f94\" data-element_type=\"widget\" data-widget_type=\"image.default\">\n\t\t\t\t<div class=\"elementor-widget-container\">\n\t\t\t\t\t\t\t\t<div class=\"elementor-image\">\n\t\t\t\t\t\t\t\t\t\t\t\t<img width=\"212\" height=\"100\" src=\"https:\/\/revista.isfin.ro\/wp-content\/uploads\/2020\/07\/isf-logo.png\" class=\"attachment-full size-full\" alt=\"\" loading=\"lazy\" srcset=\"https:\/\/revista.isfin.ro\/wp-content\/uploads\/2020\/07\/isf-logo.png 212w, https:\/\/revista.isfin.ro\/wp-content\/uploads\/2020\/07\/isf-logo-24x11.png 24w, https:\/\/revista.isfin.ro\/wp-content\/uploads\/2020\/07\/isf-logo-36x17.png 36w, https:\/\/revista.isfin.ro\/wp-content\/uploads\/2020\/07\/isf-logo-48x23.png 48w\" sizes=\"(max-width: 212px) 100vw, 212px\" \/>\t\t\t\t\t\t\t\t\t\t\t\t\t\t<\/div>\n\t\t\t\t\t\t<\/div>\n\t\t\t\t<\/div>\n\t\t\t\t\t\t<\/div>\n\t\t\t\t\t<\/div>\n\t\t<\/div>\n\t\t\t\t<div class=\"elementor-column elementor-col-50 elementor-top-column elementor-element elementor-element-51c798c3\" data-id=\"51c798c3\" data-element_type=\"column\">\n\t\t\t<div class=\"elementor-column-wrap elementor-element-populated\">\n\t\t\t\t\t\t\t<div class=\"elementor-widget-wrap\">\n\t\t\t\t\t\t<div class=\"elementor-element elementor-element-58bb0ce5 elementor-widget elementor-widget-text-editor\" data-id=\"58bb0ce5\" data-element_type=\"widget\" data-widget_type=\"text-editor.default\">\n\t\t\t\t<div class=\"elementor-widget-container\">\n\t\t\t\t\t\t\t\t<div class=\"elementor-text-editor elementor-clearfix\">\n\t\t\t\t<div class=\"wpb_text_column wpb_content_element\"><div class=\"wpb_wrapper\" style=\"text-align: center;\">\u00a0<\/div><\/div><div class=\"wpb_text_column wpb_content_element\"><div class=\"wpb_wrapper\"><p style=\"text-align: center;\">MISSION<\/p><\/div><\/div>\t\t\t\t\t<\/div>\n\t\t\t\t\t\t<\/div>\n\t\t\t\t<\/div>\n\t\t\t\t<div class=\"elementor-element elementor-element-7eaf4f7 elementor-widget elementor-widget-text-editor\" data-id=\"7eaf4f7\" data-element_type=\"widget\" data-widget_type=\"text-editor.default\">\n\t\t\t\t<div class=\"elementor-widget-container\">\n\t\t\t\t\t\t\t\t<div class=\"elementor-text-editor elementor-clearfix\">\n\t\t\t\t<p><strong>Purpose<\/strong><\/p><p>The purpose of the Journal of Financial Studies is to promote the debate and research of financial phenomena with a significant impact on economic reality, on the governance of financial institutions and on the beneficiaries of financial services. Its purpose is also to promote the exchange of experience between researchers in Romania and between them and those in the international financial services community. The journal will provide professional support for all those conducting scientific research in the financial field and will encourage scientific debate, free exchange of ideas, and the transfer of good practices.<\/p><p>The journal encourages and promotes original scientific research, applicability and impact studies of institutional and entrepreneurial decisions.<\/p><p><strong>Targets<\/strong><\/p><p>\u00a0The Journal of Financial Studies aims for:<\/p><ul><li>promoting interdisciplinary research in the field of capital markets, insurance, private pensions and their integration in the European requirements of transparency and consumer protection;<\/li><li>transfer of best practices in the fields of economic and financial interest, between national and international institutions;<\/li><li>beneficial connection between the business environment and that of academia, university, respectively, encouraging young researchers to have an active exchange of ideas;<\/li><li>the insertion in the broad financial education of the innovative knowledge, of the modern methods and techniques of trading, of the risk management, of the security of the transactions, etc.<\/li><\/ul><p>The journal provides researchers with an open framework for scientific dialogue, mutually beneficial, free flow of ideas and exchange of experience.<\/p>\t\t\t\t\t<\/div>\n\t\t\t\t\t\t<\/div>\n\t\t\t\t<\/div>\n\t\t\t\t\t\t<\/div>\n\t\t\t\t\t<\/div>\n\t\t<\/div>\n\t\t\t\t\t\t\t\t<\/div>\n\t\t\t\t\t<\/div>\n\t\t<\/section>\n\t\t\t\t<section class=\"elementor-section elementor-top-section elementor-element elementor-element-6f645f97 elementor-section-boxed elementor-section-height-default elementor-section-height-default\" data-id=\"6f645f97\" data-element_type=\"section\">\n\t\t\t\t\t\t<div class=\"elementor-container elementor-column-gap-default\">\n\t\t\t\t\t\t\t<div class=\"elementor-row\">\n\t\t\t\t\t<div class=\"elementor-column elementor-col-100 elementor-top-column elementor-element elementor-element-3776ace0\" data-id=\"3776ace0\" data-element_type=\"column\">\n\t\t\t<div class=\"elementor-column-wrap elementor-element-populated\">\n\t\t\t\t\t\t\t<div class=\"elementor-widget-wrap\">\n\t\t\t\t\t\t<div class=\"elementor-element elementor-element-7655e36d elementor-widget elementor-widget-spacer\" data-id=\"7655e36d\" data-element_type=\"widget\" data-widget_type=\"spacer.default\">\n\t\t\t\t<div class=\"elementor-widget-container\">\n\t\t\t\t\t<div class=\"elementor-spacer\">\n\t\t\t<div class=\"elementor-spacer-inner\"><\/div>\n\t\t<\/div>\n\t\t\t\t<\/div>\n\t\t\t\t<\/div>\n\t\t\t\t<div class=\"elementor-element elementor-element-3f714087 elementor-widget elementor-widget-text-editor\" data-id=\"3f714087\" data-element_type=\"widget\" data-widget_type=\"text-editor.default\">\n\t\t\t\t<div class=\"elementor-widget-container\">\n\t\t\t\t\t\t\t\t<div class=\"elementor-text-editor elementor-clearfix\">\n\t\t\t\t<p>INTERNATIONAL DATABASES<\/p>\t\t\t\t\t<\/div>\n\t\t\t\t\t\t<\/div>\n\t\t\t\t<\/div>\n\t\t\t\t<div class=\"elementor-element elementor-element-58e0ba85 elementor-arrows-position-inside elementor-pagination-position-outside elementor-widget elementor-widget-image-carousel\" data-id=\"58e0ba85\" data-element_type=\"widget\" data-settings=\"{&quot;navigation&quot;:&quot;both&quot;,&quot;autoplay&quot;:&quot;yes&quot;,&quot;pause_on_hover&quot;:&quot;yes&quot;,&quot;pause_on_interaction&quot;:&quot;yes&quot;,&quot;autoplay_speed&quot;:5000,&quot;infinite&quot;:&quot;yes&quot;,&quot;speed&quot;:500}\" data-widget_type=\"image-carousel.default\">\n\t\t\t\t<div class=\"elementor-widget-container\">\n\t\t\t\t\t<div class=\"elementor-image-carousel-wrapper swiper-container\" dir=\"ltr\">\n\t\t\t<div class=\"elementor-image-carousel swiper-wrapper\">\n\t\t\t\t\t\t\t\t<div class=\"swiper-slide\"><figure class=\"swiper-slide-inner\"><img class=\"swiper-slide-image\" src=\"https:\/\/revista.isfin.ro\/wp-content\/uploads\/2020\/07\/Google_Scholar_logo_2015.png\" alt=\"Google_Scholar_logo_2015\" \/><\/figure><\/div><div class=\"swiper-slide\"><figure class=\"swiper-slide-inner\"><img class=\"swiper-slide-image\" src=\"https:\/\/revista.isfin.ro\/wp-content\/uploads\/2020\/07\/2.png\" alt=\"2\" \/><\/figure><\/div><div class=\"swiper-slide\"><figure class=\"swiper-slide-inner\"><img class=\"swiper-slide-image\" src=\"https:\/\/revista.isfin.ro\/wp-content\/uploads\/2020\/07\/3.png\" alt=\"3\" \/><\/figure><\/div><div class=\"swiper-slide\"><figure class=\"swiper-slide-inner\"><img class=\"swiper-slide-image\" src=\"https:\/\/revista.isfin.ro\/wp-content\/uploads\/2020\/07\/4.png\" alt=\"4\" \/><\/figure><\/div><div class=\"swiper-slide\"><figure class=\"swiper-slide-inner\"><img class=\"swiper-slide-image\" src=\"https:\/\/revista.isfin.ro\/wp-content\/uploads\/2020\/07\/5.png\" alt=\"5\" \/><\/figure><\/div><div class=\"swiper-slide\"><figure class=\"swiper-slide-inner\"><img class=\"swiper-slide-image\" src=\"https:\/\/revista.isfin.ro\/wp-content\/uploads\/2020\/07\/6.png\" alt=\"6\" \/><\/figure><\/div><div class=\"swiper-slide\"><figure class=\"swiper-slide-inner\"><img class=\"swiper-slide-image\" src=\"https:\/\/revista.isfin.ro\/wp-content\/uploads\/2020\/07\/7.png\" alt=\"7\" \/><\/figure><\/div><div class=\"swiper-slide\"><figure class=\"swiper-slide-inner\"><img class=\"swiper-slide-image\" src=\"https:\/\/revista.isfin.ro\/wp-content\/uploads\/2020\/07\/8.png\" alt=\"8\" \/><\/figure><\/div><div class=\"swiper-slide\"><figure class=\"swiper-slide-inner\"><img class=\"swiper-slide-image\" src=\"https:\/\/revista.isfin.ro\/wp-content\/uploads\/2020\/07\/10.png\" alt=\"10\" \/><\/figure><\/div>\t\t\t<\/div>\n\t\t\t\t\t\t\t\t\t\t\t\t<div class=\"swiper-pagination\"><\/div>\n\t\t\t\t\t\t\t\t\t\t\t\t\t<div class=\"elementor-swiper-button elementor-swiper-button-prev\">\n\t\t\t\t\t\t<i class=\"eicon-chevron-left\" aria-hidden=\"true\"><\/i>\n\t\t\t\t\t\t<span class=\"elementor-screen-only\">Previous<\/span>\n\t\t\t\t\t<\/div>\n\t\t\t\t\t<div class=\"elementor-swiper-button elementor-swiper-button-next\">\n\t\t\t\t\t\t<i class=\"eicon-chevron-right\" aria-hidden=\"true\"><\/i>\n\t\t\t\t\t\t<span class=\"elementor-screen-only\">Next<\/span>\n\t\t\t\t\t<\/div>\n\t\t\t\t\t\t\t\t\t<\/div>\n\t\t\t\t<\/div>\n\t\t\t\t<\/div>\n\t\t\t\t<div class=\"elementor-element elementor-element-1a315ed7 elementor-widget elementor-widget-text-editor\" data-id=\"1a315ed7\" data-element_type=\"widget\" data-widget_type=\"text-editor.default\">\n\t\t\t\t<div class=\"elementor-widget-container\">\n\t\t\t\t\t\t\t\t<div class=\"elementor-text-editor elementor-clearfix\">\n\t\t\t\t<p><img loading=\"lazy\" class=\"alignnone size-full wp-image-3272\" src=\"https:\/\/revista.isfin.ro\/wp-content\/uploads\/2020\/08\/licente-creative-commons-atribuire-4.0-international.png\" alt=\"\" width=\"88\" height=\"31\" srcset=\"https:\/\/revista.isfin.ro\/wp-content\/uploads\/2020\/08\/licente-creative-commons-atribuire-4.0-international.png 88w, https:\/\/revista.isfin.ro\/wp-content\/uploads\/2020\/08\/licente-creative-commons-atribuire-4.0-international-24x8.png 24w, https:\/\/revista.isfin.ro\/wp-content\/uploads\/2020\/08\/licente-creative-commons-atribuire-4.0-international-36x13.png 36w, https:\/\/revista.isfin.ro\/wp-content\/uploads\/2020\/08\/licente-creative-commons-atribuire-4.0-international-48x17.png 48w\" sizes=\"(max-width: 88px) 100vw, 88px\" \/>\u00a0This work is provided under <a href=\"http:\/\/creativecommons.org\/licenses\/by\/4.0\/\" target=\"_blank\" rel=\"license noopener\">Creative Commons Attribution 4.0 International license<\/a><\/p>\t\t\t\t\t<\/div>\n\t\t\t\t\t\t<\/div>\n\t\t\t\t<\/div>\n\t\t\t\t\t\t<\/div>\n\t\t\t\t\t<\/div>\n\t\t<\/div>\n\t\t\t\t\t\t\t\t<\/div>\n\t\t\t\t\t<\/div>\n\t\t<\/section>\n\t\t\t\t\t\t<\/div>\n\t\t\t\t\t\t<\/div>\n\t\t\t\t\t<\/div>","protected":false},"excerpt":{"rendered":"<p>ACAS\u0102 INDEX\u0102RI BDI GHID PENTRU AUTORI Template&gt; Englez\u0103 ARTICOLE PREMIATE \u00a0 MISIUNE Scop Scopul Revistei de Studii Financiare este de a promova dezbaterea \u015fi cercetarea fenomenelor financiare cu impact semnificativ asupra realit\u0103\u0163ii economice, asupra guvernan\u0163ei institu\u0163iilor financiare \u015fi asupra beneficiarilor de servicii financiare. Scopul acesteia este, de asemenea, promovarea schimbului de experien\u021b\u0103 \u00eentre cercet\u0103torii din &hellip;<\/p>\n<p class=\"read-more\"> <a class=\"\" href=\"https:\/\/revista.isfin.ro\/en\/misiune\/\"> <span class=\"screen-reader-text\">MISSION<\/span> Read More &raquo;<\/a><\/p>","protected":false},"author":1,"featured_media":0,"parent":0,"menu_order":0,"comment_status":"closed","ping_status":"closed","template":"elementor_header_footer","meta":[],"yoast_head":"<title>Misiune - Revista de Studii Financiare<\/title>\n<meta name=\"robots\" content=\"index, follow, max-snippet:-1, max-image-preview:large, max-video-preview:-1\" \/>\n<link rel=\"canonical\" href=\"https:\/\/revista.isfin.ro\/en\/misiune\/\" \/>\n<meta property=\"og:locale\" content=\"en_GB\" \/>\n<meta property=\"og:type\" content=\"article\" \/>\n<meta property=\"og:title\" content=\"Misiune - Revista de Studii Financiare\" \/>\n<meta property=\"og:description\" content=\"ACAS\u0102 INDEX\u0102RI BDI GHID PENTRU AUTORI Template&gt; Englez\u0103 ARTICOLE PREMIATE \u00a0 MISIUNE Scop Scopul Revistei de Studii Financiare este de a promova dezbaterea \u015fi cercetarea fenomenelor financiare cu impact semnificativ asupra realit\u0103\u0163ii economice, asupra guvernan\u0163ei institu\u0163iilor financiare \u015fi asupra beneficiarilor de servicii financiare. Scopul acesteia este, de asemenea, promovarea schimbului de experien\u021b\u0103 \u00eentre cercet\u0103torii din &hellip; Misiune Read More &raquo;\" \/>\n<meta property=\"og:url\" content=\"https:\/\/revista.isfin.ro\/en\/misiune\/\" \/>\n<meta property=\"og:site_name\" content=\"Revista de Studii Financiare\" \/>\n<meta property=\"article:modified_time\" content=\"2025-05-30T14:22:57+00:00\" \/>\n<meta property=\"og:image\" content=\"https:\/\/revista.isfin.ro\/wp-content\/uploads\/2020\/07\/isf-logo.png\" \/>\n<meta name=\"twitter:card\" content=\"summary_large_image\" \/>\n<meta name=\"twitter:label1\" content=\"Estimated reading time\" \/>\n\t<meta name=\"twitter:data1\" content=\"5 minutes\" \/>\n<script type=\"application\/ld+json\" class=\"yoast-schema-graph\">{\"@context\":\"https:\/\/schema.org\",\"@graph\":[{\"@type\":\"WebSite\",\"@id\":\"https:\/\/revista.isfin.ro\/#website\",\"url\":\"https:\/\/revista.isfin.ro\/\",\"name\":\"Revista de Studii Financiare\",\"description\":\"\",\"potentialAction\":[{\"@type\":\"SearchAction\",\"target\":{\"@type\":\"EntryPoint\",\"urlTemplate\":\"https:\/\/revista.isfin.ro\/?s={search_term_string}\"},\"query-input\":\"required name=search_term_string\"}],\"inLanguage\":\"en-GB\"},{\"@type\":\"ImageObject\",\"@id\":\"https:\/\/revista.isfin.ro\/misiune\/#primaryimage\",\"inLanguage\":\"en-GB\",\"url\":\"https:\/\/revista.isfin.ro\/wp-content\/uploads\/2020\/07\/isf-logo.png\",\"contentUrl\":\"https:\/\/revista.isfin.ro\/wp-content\/uploads\/2020\/07\/isf-logo.png\",\"width\":212,\"height\":100},{\"@type\":\"WebPage\",\"@id\":\"https:\/\/revista.isfin.ro\/misiune\/#webpage\",\"url\":\"https:\/\/revista.isfin.ro\/misiune\/\",\"name\":\"Misiune - Revista de Studii Financiare\",\"isPartOf\":{\"@id\":\"https:\/\/revista.isfin.ro\/#website\"},\"primaryImageOfPage\":{\"@id\":\"https:\/\/revista.isfin.ro\/misiune\/#primaryimage\"},\"datePublished\":\"2020-07-02T13:51:01+00:00\",\"dateModified\":\"2025-05-30T14:22:57+00:00\",\"breadcrumb\":{\"@id\":\"https:\/\/revista.isfin.ro\/misiune\/#breadcrumb\"},\"inLanguage\":\"en-GB\",\"potentialAction\":[{\"@type\":\"ReadAction\",\"target\":[\"https:\/\/revista.isfin.ro\/misiune\/\"]}]},{\"@type\":\"BreadcrumbList\",\"@id\":\"https:\/\/revista.isfin.ro\/misiune\/#breadcrumb\",\"itemListElement\":[{\"@type\":\"ListItem\",\"position\":1,\"name\":\"Prima pagin\\u0103\",\"item\":\"https:\/\/revista.isfin.ro\/\"},{\"@type\":\"ListItem\",\"position\":2,\"name\":\"Misiune\"}]}]}<\/script>","yoast_head_json":{"title":"Misiune - Revista de Studii Financiare","robots":{"index":"index","follow":"follow","max-snippet":"max-snippet:-1","max-image-preview":"max-image-preview:large","max-video-preview":"max-video-preview:-1"},"canonical":"https:\/\/revista.isfin.ro\/en\/misiune\/","og_locale":"en_GB","og_type":"article","og_title":"Misiune - Revista de Studii Financiare","og_description":"ACAS\u0102 INDEX\u0102RI BDI GHID PENTRU AUTORI Template&gt; Englez\u0103 ARTICOLE PREMIATE \u00a0 MISIUNE Scop Scopul Revistei de Studii Financiare este de a promova dezbaterea \u015fi cercetarea fenomenelor financiare cu impact semnificativ asupra realit\u0103\u0163ii economice, asupra guvernan\u0163ei institu\u0163iilor financiare \u015fi asupra beneficiarilor de servicii financiare. Scopul acesteia este, de asemenea, promovarea schimbului de experien\u021b\u0103 \u00eentre cercet\u0103torii din &hellip; Misiune Read More &raquo;","og_url":"https:\/\/revista.isfin.ro\/en\/misiune\/","og_site_name":"Revista de Studii Financiare","article_modified_time":"2025-05-30T14:22:57+00:00","og_image":[{"url":"https:\/\/revista.isfin.ro\/wp-content\/uploads\/2020\/07\/isf-logo.png"}],"twitter_card":"summary_large_image","twitter_misc":{"Estimated reading time":"5 minutes"},"schema":{"@context":"https:\/\/schema.org","@graph":[{"@type":"WebSite","@id":"https:\/\/revista.isfin.ro\/#website","url":"https:\/\/revista.isfin.ro\/","name":"Revista de Studii Financiare","description":"","potentialAction":[{"@type":"SearchAction","target":{"@type":"EntryPoint","urlTemplate":"https:\/\/revista.isfin.ro\/?s={search_term_string}"},"query-input":"required name=search_term_string"}],"inLanguage":"en-GB"},{"@type":"ImageObject","@id":"https:\/\/revista.isfin.ro\/misiune\/#primaryimage","inLanguage":"en-GB","url":"https:\/\/revista.isfin.ro\/wp-content\/uploads\/2020\/07\/isf-logo.png","contentUrl":"https:\/\/revista.isfin.ro\/wp-content\/uploads\/2020\/07\/isf-logo.png","width":212,"height":100},{"@type":"WebPage","@id":"https:\/\/revista.isfin.ro\/misiune\/#webpage","url":"https:\/\/revista.isfin.ro\/misiune\/","name":"Misiune - Revista de Studii Financiare","isPartOf":{"@id":"https:\/\/revista.isfin.ro\/#website"},"primaryImageOfPage":{"@id":"https:\/\/revista.isfin.ro\/misiune\/#primaryimage"},"datePublished":"2020-07-02T13:51:01+00:00","dateModified":"2025-05-30T14:22:57+00:00","breadcrumb":{"@id":"https:\/\/revista.isfin.ro\/misiune\/#breadcrumb"},"inLanguage":"en-GB","potentialAction":[{"@type":"ReadAction","target":["https:\/\/revista.isfin.ro\/misiune\/"]}]},{"@type":"BreadcrumbList","@id":"https:\/\/revista.isfin.ro\/misiune\/#breadcrumb","itemListElement":[{"@type":"ListItem","position":1,"name":"Prima pagin\u0103","item":"https:\/\/revista.isfin.ro\/"},{"@type":"ListItem","position":2,"name":"Misiune"}]}]}},"_links":{"self":[{"href":"https:\/\/revista.isfin.ro\/en\/wp-json\/wp\/v2\/pages\/2098"}],"collection":[{"href":"https:\/\/revista.isfin.ro\/en\/wp-json\/wp\/v2\/pages"}],"about":[{"href":"https:\/\/revista.isfin.ro\/en\/wp-json\/wp\/v2\/types\/page"}],"author":[{"embeddable":true,"href":"https:\/\/revista.isfin.ro\/en\/wp-json\/wp\/v2\/users\/1"}],"replies":[{"embeddable":true,"href":"https:\/\/revista.isfin.ro\/en\/wp-json\/wp\/v2\/comments?post=2098"}],"version-history":[{"count":23,"href":"https:\/\/revista.isfin.ro\/en\/wp-json\/wp\/v2\/pages\/2098\/revisions"}],"predecessor-version":[{"id":10079,"href":"https:\/\/revista.isfin.ro\/en\/wp-json\/wp\/v2\/pages\/2098\/revisions\/10079"}],"wp:attachment":[{"href":"https:\/\/revista.isfin.ro\/en\/wp-json\/wp\/v2\/media?parent=2098"}],"curies":[{"name":"wp","href":"https:\/\/api.w.org\/{rel}","templated":true}]}}