{"id":2110,"date":"2020-07-02T13:56:17","date_gmt":"2020-07-02T13:56:17","guid":{"rendered":"https:\/\/revista.isfin.ro\/?page_id=2110"},"modified":"2025-05-30T14:21:29","modified_gmt":"2025-05-30T14:21:29","slug":"articole-premiate","status":"publish","type":"page","link":"https:\/\/revista.isfin.ro\/en\/articole-premiate\/","title":{"rendered":"Prized articles"},"content":{"rendered":"<div data-elementor-type=\"wp-page\" data-elementor-id=\"2110\" class=\"elementor elementor-2110\" data-elementor-settings=\"[]\">\n\t\t\t\t\t\t<div class=\"elementor-inner\">\n\t\t\t\t\t\t\t<div class=\"elementor-section-wrap\">\n\t\t\t\t\t\t\t<section class=\"elementor-section elementor-top-section elementor-element elementor-element-1829a20c elementor-section-boxed elementor-section-height-default elementor-section-height-default\" data-id=\"1829a20c\" data-element_type=\"section\">\n\t\t\t\t\t\t<div class=\"elementor-container elementor-column-gap-default\">\n\t\t\t\t\t\t\t<div class=\"elementor-row\">\n\t\t\t\t\t<div class=\"elementor-column elementor-col-50 elementor-top-column elementor-element elementor-element-3de8d5f2\" data-id=\"3de8d5f2\" data-element_type=\"column\">\n\t\t\t<div class=\"elementor-column-wrap elementor-element-populated\">\n\t\t\t\t\t\t\t<div class=\"elementor-widget-wrap\">\n\t\t\t\t\t\t<div class=\"elementor-element elementor-element-4caf0cc3 eael-infobox-content-align-center elementor-widget elementor-widget-eael-info-box\" data-id=\"4caf0cc3\" data-element_type=\"widget\" data-widget_type=\"eael-info-box.default\">\n\t\t\t\t<div class=\"elementor-widget-container\">\n\t\t\t        <a href=\"https:\/\/revista.isfin.ro\/en\/\"  >            <div class=\"eael-infobox\">\n                    <div class=\"infobox-content\">\n            <h4 class=\"title\"><\/h4>\n                                                                        <p><p style=\"text-align: left;\">HOME<\/p><\/p>\n                                                                            <\/div>\n    <\/div><\/a>\t\t<\/div>\n\t\t\t\t<\/div>\n\t\t\t\t<div class=\"elementor-element elementor-element-5b83a8f5 eael-infobox-content-align-center elementor-widget elementor-widget-eael-info-box\" data-id=\"5b83a8f5\" data-element_type=\"widget\" data-widget_type=\"eael-info-box.default\">\n\t\t\t\t<div class=\"elementor-widget-container\">\n\t\t\t        <a href=\"https:\/\/revista.isfin.ro\/en\/indexare\/\"  >            <div class=\"eael-infobox\">\n                    <div class=\"infobox-content\">\n            <h4 class=\"title\"><\/h4>\n                                                                        <p><p style=\"text-align: left;\">BDI INDEXING<\/p><\/p>\n                                                                            <\/div>\n    <\/div><\/a>\t\t<\/div>\n\t\t\t\t<\/div>\n\t\t\t\t<div class=\"elementor-element elementor-element-9ecca01 elementor-widget elementor-widget-html\" data-id=\"9ecca01\" data-element_type=\"widget\" data-widget_type=\"html.default\">\n\t\t\t\t<div class=\"elementor-widget-container\">\n\t\t\t<script> jQuery(document).ready(function($) { var delay = 100; setTimeout(function() { $('.elementor-tab-title').removeClass('elementor-active'); $('.elementor-tab-content').css('display', 'none'); }, delay); }); <\/script>\t\t<\/div>\n\t\t\t\t<\/div>\n\t\t\t\t<div class=\"elementor-element elementor-element-6296cc62 elementor-widget elementor-widget-accordion\" data-id=\"6296cc62\" data-element_type=\"widget\" data-widget_type=\"accordion.default\">\n\t\t\t\t<div class=\"elementor-widget-container\">\n\t\t\t\t\t<div class=\"elementor-accordion\" role=\"tablist\">\n\t\t\t\t\t\t\t<div class=\"elementor-accordion-item\">\n\t\t\t\t\t<div id=\"elementor-tab-title-1651\" class=\"elementor-tab-title\" data-tab=\"1\" role=\"tab\" aria-controls=\"elementor-tab-content-1651\" aria-expanded=\"false\">\n\t\t\t\t\t\t\t\t\t\t\t\t\t<span class=\"elementor-accordion-icon elementor-accordion-icon-right\" aria-hidden=\"true\">\n\t\t\t\t\t\t\t\t\t\t\t\t\t\t\t<span class=\"elementor-accordion-icon-closed\"><i class=\"fas fa-chevron-down\"><\/i><\/span>\n\t\t\t\t\t\t\t\t<span class=\"elementor-accordion-icon-opened\"><i class=\"fas fa-chevron-up\"><\/i><\/span>\n\t\t\t\t\t\t\t\t\t\t\t\t\t\t<\/span>\n\t\t\t\t\t\t\t\t\t\t\t\t<a class=\"elementor-accordion-title\" href=\"\">GUIDE FOR AUTHORS<\/a>\n\t\t\t\t\t<\/div>\n\t\t\t\t\t<div id=\"elementor-tab-content-1651\" class=\"elementor-tab-content elementor-clearfix\" data-tab=\"1\" role=\"tabpanel\" aria-labelledby=\"elementor-tab-title-1651\"><p>Template<br \/>&gt; <a href=\"\/wp-content\/uploads\/2025\/05\/Template_EN_19_2025.doc\" target=\"_blank\" rel=\"noopener\">English<\/a><\/p><\/div>\n\t\t\t\t<\/div>\n\t\t\t\t\t\t\t\t<\/div>\n\t\t\t\t<\/div>\n\t\t\t\t<\/div>\n\t\t\t\t<div class=\"elementor-element elementor-element-ab8b8de eael-infobox-content-align-center elementor-widget elementor-widget-eael-info-box\" data-id=\"ab8b8de\" data-element_type=\"widget\" data-widget_type=\"eael-info-box.default\">\n\t\t\t\t<div class=\"elementor-widget-container\">\n\t\t\t        <a href=\"https:\/\/revista.isfin.ro\/en\/articole-premiate\/\"  >            <div class=\"eael-infobox\">\n                    <div class=\"infobox-content\">\n            <h4 class=\"title\"><\/h4>\n                                                                        <p><p style=\"text-align: left;\">PRIZED ARTICLES<\/p><\/p>\n                                                                            <\/div>\n    <\/div><\/a>\t\t<\/div>\n\t\t\t\t<\/div>\n\t\t\t\t<div class=\"elementor-element elementor-element-1b9782f1 elementor-widget elementor-widget-image\" data-id=\"1b9782f1\" data-element_type=\"widget\" data-widget_type=\"image.default\">\n\t\t\t\t<div class=\"elementor-widget-container\">\n\t\t\t\t\t\t\t\t<div class=\"elementor-image\">\n\t\t\t\t\t\t\t\t\t\t\t\t<img width=\"212\" height=\"100\" src=\"https:\/\/revista.isfin.ro\/wp-content\/uploads\/2020\/07\/isf-logo.png\" class=\"attachment-full size-full\" alt=\"\" loading=\"lazy\" srcset=\"https:\/\/revista.isfin.ro\/wp-content\/uploads\/2020\/07\/isf-logo.png 212w, https:\/\/revista.isfin.ro\/wp-content\/uploads\/2020\/07\/isf-logo-24x11.png 24w, https:\/\/revista.isfin.ro\/wp-content\/uploads\/2020\/07\/isf-logo-36x17.png 36w, https:\/\/revista.isfin.ro\/wp-content\/uploads\/2020\/07\/isf-logo-48x23.png 48w\" sizes=\"(max-width: 212px) 100vw, 212px\" \/>\t\t\t\t\t\t\t\t\t\t\t\t\t\t<\/div>\n\t\t\t\t\t\t<\/div>\n\t\t\t\t<\/div>\n\t\t\t\t\t\t<\/div>\n\t\t\t\t\t<\/div>\n\t\t<\/div>\n\t\t\t\t<div class=\"elementor-column elementor-col-50 elementor-top-column elementor-element elementor-element-3929bbc6\" data-id=\"3929bbc6\" data-element_type=\"column\">\n\t\t\t<div class=\"elementor-column-wrap elementor-element-populated\">\n\t\t\t\t\t\t\t<div class=\"elementor-widget-wrap\">\n\t\t\t\t\t\t<div class=\"elementor-element elementor-element-df3230b elementor-widget elementor-widget-text-editor\" data-id=\"df3230b\" data-element_type=\"widget\" data-widget_type=\"text-editor.default\">\n\t\t\t\t<div class=\"elementor-widget-container\">\n\t\t\t\t\t\t\t\t<div class=\"elementor-text-editor elementor-clearfix\">\n\t\t\t\t<div class=\"wpb_text_column wpb_content_element\"><div class=\"wpb_wrapper\">\u00a0<\/div><\/div><div class=\"wpb_text_column wpb_content_element\"><div class=\"wpb_wrapper\"><p style=\"text-align: center;\">PRIZED ARTICLES<\/p><\/div><\/div>\t\t\t\t\t<\/div>\n\t\t\t\t\t\t<\/div>\n\t\t\t\t<\/div>\n\t\t\t\t<section class=\"elementor-section elementor-inner-section elementor-element elementor-element-581fb7b elementor-section-boxed elementor-section-height-default elementor-section-height-default\" data-id=\"581fb7b\" data-element_type=\"section\">\n\t\t\t\t\t\t<div class=\"elementor-container elementor-column-gap-default\">\n\t\t\t\t\t\t\t<div class=\"elementor-row\">\n\t\t\t\t\t<div class=\"elementor-column elementor-col-100 elementor-inner-column elementor-element elementor-element-a972207\" data-id=\"a972207\" data-element_type=\"column\">\n\t\t\t<div class=\"elementor-column-wrap elementor-element-populated\">\n\t\t\t\t\t\t\t<div class=\"elementor-widget-wrap\">\n\t\t\t\t\t\t<div class=\"elementor-element elementor-element-c965a71 eael-infobox-content-align-left eael-infobox-icon-bg-shape-none eael-infobox-icon-hover-bg-shape-none elementor-widget elementor-widget-eael-info-box\" data-id=\"c965a71\" data-element_type=\"widget\" data-widget_type=\"eael-info-box.default\">\n\t\t\t\t<div class=\"elementor-widget-container\">\n\t\t\t        <a href=\"https:\/\/revista.isfin.ro\/en\/2020\/07\/31\/structura-sistemului-bancar-romanesc-in-contextul-economic-si-financiar-actual-rodica-oana-ionita-si-ion-stancu\/\"  >            <div class=\"eael-infobox\">\n                    <div class=\"infobox-icon eael-icon-only\">\n\n            \n                            <div class=\"infobox-icon-wrap\">\n                    <i class=\"\"><\/i>                <\/div>\n            \n            \n        <\/div>\n            <div class=\"infobox-content eael-icon-only\">\n            <h4 class=\"title\"><\/h4>\n                                                                        <p><p style=\"text-align: left;\"><strong>| RSF no.1, <em>Romania banking structure in the current economic and financial context<\/em><\/strong> <br>\n<strong><span style=\"color: #000000;\">Rodica Oana Ioni\u021b\u0103<\/span><\/strong>\n\n<\/p>\n                                                                            <\/div>\n    <\/div><\/a>\t\t<\/div>\n\t\t\t\t<\/div>\n\t\t\t\t<div class=\"elementor-element elementor-element-e2a5aa0 eael-infobox-content-align-left elementor-widget elementor-widget-eael-info-box\" data-id=\"e2a5aa0\" data-element_type=\"widget\" data-widget_type=\"eael-info-box.default\">\n\t\t\t\t<div class=\"elementor-widget-container\">\n\t\t\t        <a href=\"https:\/\/revista.isfin.ro\/en\/2020\/07\/30\/efectul-zilei-din-saptamana-pe-piata-de-capital-din-romania-alexandra-gabriela-titan\/\"  >            <div class=\"eael-infobox\">\n                    <div class=\"infobox-content\">\n            <h4 class=\"title\"><\/h4>\n                                                                        <p><p style=\"text-align: left;\"><strong>| RSF no.2, <em>The day of the week effect on the Romanian stock market<\/em><\/strong><br>\n<strong><span style=\"color: #000000;\">Alexandra Gabriela \u021ai\u021ban<\/span><\/strong>\n\n<\/p>\n                                                                            <\/div>\n    <\/div><\/a>\t\t<\/div>\n\t\t\t\t<\/div>\n\t\t\t\t<div class=\"elementor-element elementor-element-ff7e1ca eael-infobox-content-align-left elementor-widget elementor-widget-eael-info-box\" data-id=\"ff7e1ca\" data-element_type=\"widget\" data-widget_type=\"eael-info-box.default\">\n\t\t\t\t<div class=\"elementor-widget-container\">\n\t\t\t        <a href=\"https:\/\/revista.isfin.ro\/en\/2020\/07\/30\/ajustarea-teoriilor-clasice-de-management-al-portofoliilor-cu-practici-comportamentale-nicu-stanciu-si-adrian-mitroi\/\"  >            <div class=\"eael-infobox\">\n                    <div class=\"infobox-content\">\n            <h4 class=\"title\"><\/h4>\n                                                                        <p><p style=\"text-align: left;\"><strong>| RSF no. 3, <em>Adjusting classical portfolio theories with behavioral practices<\/em><\/strong><br>\n<strong><span style=\"color: #000000;\">Nicu Stanciu<\/span><\/strong>\n\n<\/p>\n                                                                            <\/div>\n    <\/div><\/a>\t\t<\/div>\n\t\t\t\t<\/div>\n\t\t\t\t<div class=\"elementor-element elementor-element-4c621fd eael-infobox-content-align-left elementor-widget elementor-widget-eael-info-box\" data-id=\"4c621fd\" data-element_type=\"widget\" data-widget_type=\"eael-info-box.default\">\n\t\t\t\t<div class=\"elementor-widget-container\">\n\t\t\t        <a href=\"https:\/\/revista.isfin.ro\/en\/2020\/07\/30\/noi-evidente-empirice-pe-marginea-e-m-h-cazul-tarilor-dezvoltate-si-emergente-o-abordare-microeconomica-iuliana-maria-ursu\/\"  >            <div class=\"eael-infobox\">\n                    <div class=\"infobox-content\">\n            <h4 class=\"title\"><\/h4>\n                                                                        <p><p style=\"text-align: left;\"><strong>| RSF no. 4, <em>New empirical evidence on E.M.H.: case of developed and emerging markets \u2013 a microeconomic approach<\/em><\/strong>\u00a0<br>\n<strong><span style=\"color: #000000;\">Iuliana Maria Ursu<\/span><\/strong><\/p><\/p>\n                                                                            <\/div>\n    <\/div><\/a>\t\t<\/div>\n\t\t\t\t<\/div>\n\t\t\t\t\t\t<\/div>\n\t\t\t\t\t<\/div>\n\t\t<\/div>\n\t\t\t\t\t\t\t\t<\/div>\n\t\t\t\t\t<\/div>\n\t\t<\/section>\n\t\t\t\t\t\t<\/div>\n\t\t\t\t\t<\/div>\n\t\t<\/div>\n\t\t\t\t\t\t\t\t<\/div>\n\t\t\t\t\t<\/div>\n\t\t<\/section>\n\t\t\t\t<section class=\"elementor-section elementor-top-section elementor-element elementor-element-30a8ff08 elementor-section-boxed elementor-section-height-default elementor-section-height-default\" data-id=\"30a8ff08\" data-element_type=\"section\">\n\t\t\t\t\t\t<div class=\"elementor-container elementor-column-gap-default\">\n\t\t\t\t\t\t\t<div class=\"elementor-row\">\n\t\t\t\t\t<div class=\"elementor-column elementor-col-100 elementor-top-column elementor-element elementor-element-5982e35f\" data-id=\"5982e35f\" data-element_type=\"column\">\n\t\t\t<div class=\"elementor-column-wrap elementor-element-populated\">\n\t\t\t\t\t\t\t<div class=\"elementor-widget-wrap\">\n\t\t\t\t\t\t<div class=\"elementor-element elementor-element-4956976 elementor-widget elementor-widget-text-editor\" data-id=\"4956976\" data-element_type=\"widget\" data-widget_type=\"text-editor.default\">\n\t\t\t\t<div class=\"elementor-widget-container\">\n\t\t\t\t\t\t\t\t<div class=\"elementor-text-editor elementor-clearfix\">\n\t\t\t\t<p>INTERNATIONAL DATABASES<\/p>\t\t\t\t\t<\/div>\n\t\t\t\t\t\t<\/div>\n\t\t\t\t<\/div>\n\t\t\t\t<div class=\"elementor-element elementor-element-43532965 elementor-arrows-position-inside elementor-pagination-position-outside elementor-widget elementor-widget-image-carousel\" data-id=\"43532965\" data-element_type=\"widget\" data-settings=\"{&quot;navigation&quot;:&quot;both&quot;,&quot;autoplay&quot;:&quot;yes&quot;,&quot;pause_on_hover&quot;:&quot;yes&quot;,&quot;pause_on_interaction&quot;:&quot;yes&quot;,&quot;autoplay_speed&quot;:5000,&quot;infinite&quot;:&quot;yes&quot;,&quot;speed&quot;:500}\" data-widget_type=\"image-carousel.default\">\n\t\t\t\t<div class=\"elementor-widget-container\">\n\t\t\t\t\t<div class=\"elementor-image-carousel-wrapper swiper-container\" dir=\"ltr\">\n\t\t\t<div class=\"elementor-image-carousel swiper-wrapper\">\n\t\t\t\t\t\t\t\t<div class=\"swiper-slide\"><figure class=\"swiper-slide-inner\"><img class=\"swiper-slide-image\" src=\"https:\/\/revista.isfin.ro\/wp-content\/uploads\/2020\/07\/Google_Scholar_logo_2015.png\" alt=\"Google_Scholar_logo_2015\" \/><\/figure><\/div><div class=\"swiper-slide\"><figure class=\"swiper-slide-inner\"><img class=\"swiper-slide-image\" src=\"https:\/\/revista.isfin.ro\/wp-content\/uploads\/2020\/07\/2.png\" alt=\"2\" \/><\/figure><\/div><div class=\"swiper-slide\"><figure class=\"swiper-slide-inner\"><img class=\"swiper-slide-image\" src=\"https:\/\/revista.isfin.ro\/wp-content\/uploads\/2020\/07\/3.png\" alt=\"3\" \/><\/figure><\/div><div class=\"swiper-slide\"><figure class=\"swiper-slide-inner\"><img class=\"swiper-slide-image\" src=\"https:\/\/revista.isfin.ro\/wp-content\/uploads\/2020\/07\/4.png\" alt=\"4\" \/><\/figure><\/div><div class=\"swiper-slide\"><figure class=\"swiper-slide-inner\"><img class=\"swiper-slide-image\" src=\"https:\/\/revista.isfin.ro\/wp-content\/uploads\/2020\/07\/5.png\" alt=\"5\" \/><\/figure><\/div><div class=\"swiper-slide\"><figure class=\"swiper-slide-inner\"><img class=\"swiper-slide-image\" src=\"https:\/\/revista.isfin.ro\/wp-content\/uploads\/2020\/07\/6.png\" alt=\"6\" \/><\/figure><\/div><div class=\"swiper-slide\"><figure class=\"swiper-slide-inner\"><img class=\"swiper-slide-image\" src=\"https:\/\/revista.isfin.ro\/wp-content\/uploads\/2020\/07\/7.png\" alt=\"7\" \/><\/figure><\/div><div class=\"swiper-slide\"><figure class=\"swiper-slide-inner\"><img class=\"swiper-slide-image\" src=\"https:\/\/revista.isfin.ro\/wp-content\/uploads\/2020\/07\/8.png\" alt=\"8\" \/><\/figure><\/div><div class=\"swiper-slide\"><figure class=\"swiper-slide-inner\"><img class=\"swiper-slide-image\" src=\"https:\/\/revista.isfin.ro\/wp-content\/uploads\/2020\/07\/10.png\" alt=\"10\" \/><\/figure><\/div>\t\t\t<\/div>\n\t\t\t\t\t\t\t\t\t\t\t\t<div class=\"swiper-pagination\"><\/div>\n\t\t\t\t\t\t\t\t\t\t\t\t\t<div class=\"elementor-swiper-button elementor-swiper-button-prev\">\n\t\t\t\t\t\t<i class=\"eicon-chevron-left\" aria-hidden=\"true\"><\/i>\n\t\t\t\t\t\t<span class=\"elementor-screen-only\">Previous<\/span>\n\t\t\t\t\t<\/div>\n\t\t\t\t\t<div class=\"elementor-swiper-button elementor-swiper-button-next\">\n\t\t\t\t\t\t<i class=\"eicon-chevron-right\" aria-hidden=\"true\"><\/i>\n\t\t\t\t\t\t<span class=\"elementor-screen-only\">Next<\/span>\n\t\t\t\t\t<\/div>\n\t\t\t\t\t\t\t\t\t<\/div>\n\t\t\t\t<\/div>\n\t\t\t\t<\/div>\n\t\t\t\t<div class=\"elementor-element elementor-element-39656744 elementor-widget elementor-widget-text-editor\" data-id=\"39656744\" data-element_type=\"widget\" data-widget_type=\"text-editor.default\">\n\t\t\t\t<div class=\"elementor-widget-container\">\n\t\t\t\t\t\t\t\t<div class=\"elementor-text-editor elementor-clearfix\">\n\t\t\t\t<p style=\"text-align: center;\"><img loading=\"lazy\" class=\"alignnone size-full wp-image-3272\" src=\"https:\/\/revista.isfin.ro\/wp-content\/uploads\/2020\/08\/licente-creative-commons-atribuire-4.0-international.png\" alt=\"\" width=\"88\" height=\"31\" srcset=\"https:\/\/revista.isfin.ro\/wp-content\/uploads\/2020\/08\/licente-creative-commons-atribuire-4.0-international.png 88w, https:\/\/revista.isfin.ro\/wp-content\/uploads\/2020\/08\/licente-creative-commons-atribuire-4.0-international-24x8.png 24w, https:\/\/revista.isfin.ro\/wp-content\/uploads\/2020\/08\/licente-creative-commons-atribuire-4.0-international-36x13.png 36w, https:\/\/revista.isfin.ro\/wp-content\/uploads\/2020\/08\/licente-creative-commons-atribuire-4.0-international-48x17.png 48w\" sizes=\"(max-width: 88px) 100vw, 88px\" \/>\u00a0This work is provided under <a href=\"http:\/\/creativecommons.org\/licenses\/by\/4.0\/\" target=\"_blank\" rel=\"license noopener\">Creative Commons Attribution 4.0 International license<\/a><\/p>\t\t\t\t\t<\/div>\n\t\t\t\t\t\t<\/div>\n\t\t\t\t<\/div>\n\t\t\t\t\t\t<\/div>\n\t\t\t\t\t<\/div>\n\t\t<\/div>\n\t\t\t\t\t\t\t\t<\/div>\n\t\t\t\t\t<\/div>\n\t\t<\/section>\n\t\t\t\t\t\t<\/div>\n\t\t\t\t\t\t<\/div>\n\t\t\t\t\t<\/div>","protected":false},"excerpt":{"rendered":"<p>ACAS\u0102 INDEXARI BDI GHID PENTRU AUTORI Template&gt; Englez\u0103 ARTICOLE PREMIATE \u00a0 ARTICOLE PREMIATE | RSF nr.1, Structura sistemului bancar rom\u00e2nesc \u00een contextul economic \u0219i financiar actual Rodica Oana Ioni\u021b\u0103 | RSF nr.2, Efectul zilei din s\u0103pt\u0103m\u00e2n\u0103 pe pia\u021ba de capital din Rom\u00e2nia Alexandra Gabriela \u021ai\u021ban | RSF nr.3, Ajustarea teoriilor clasice de management al portofoliilor &hellip;<\/p>\n<p class=\"read-more\"> <a class=\"\" href=\"https:\/\/revista.isfin.ro\/en\/articole-premiate\/\"> <span class=\"screen-reader-text\">Prized articles<\/span> Read More &raquo;<\/a><\/p>","protected":false},"author":1,"featured_media":0,"parent":0,"menu_order":0,"comment_status":"closed","ping_status":"closed","template":"elementor_header_footer","meta":[],"yoast_head":"<title>Articole premiate - Revista de Studii Financiare<\/title>\n<meta name=\"robots\" content=\"index, follow, max-snippet:-1, max-image-preview:large, max-video-preview:-1\" \/>\n<link rel=\"canonical\" href=\"https:\/\/revista.isfin.ro\/en\/articole-premiate\/\" \/>\n<meta property=\"og:locale\" content=\"en_GB\" \/>\n<meta property=\"og:type\" content=\"article\" \/>\n<meta property=\"og:title\" content=\"Articole premiate - Revista de Studii Financiare\" \/>\n<meta property=\"og:description\" content=\"ACAS\u0102 INDEXARI BDI GHID PENTRU AUTORI Template&gt; Englez\u0103 ARTICOLE PREMIATE \u00a0 ARTICOLE PREMIATE | RSF nr.1, Structura sistemului bancar rom\u00e2nesc \u00een contextul economic \u0219i financiar actual Rodica Oana Ioni\u021b\u0103 | RSF nr.2, Efectul zilei din s\u0103pt\u0103m\u00e2n\u0103 pe pia\u021ba de capital din Rom\u00e2nia Alexandra Gabriela \u021ai\u021ban | RSF nr.3, Ajustarea teoriilor clasice de management al portofoliilor &hellip; Articole premiate Read More &raquo;\" \/>\n<meta property=\"og:url\" content=\"https:\/\/revista.isfin.ro\/en\/articole-premiate\/\" \/>\n<meta property=\"og:site_name\" content=\"Revista de Studii Financiare\" \/>\n<meta property=\"article:modified_time\" content=\"2025-05-30T14:21:29+00:00\" \/>\n<meta property=\"og:image\" content=\"https:\/\/revista.isfin.ro\/wp-content\/uploads\/2020\/07\/isf-logo.png\" \/>\n<meta name=\"twitter:card\" content=\"summary_large_image\" \/>\n<meta name=\"twitter:label1\" content=\"Estimated reading time\" \/>\n\t<meta name=\"twitter:data1\" content=\"4 minutes\" \/>\n<script type=\"application\/ld+json\" class=\"yoast-schema-graph\">{\"@context\":\"https:\/\/schema.org\",\"@graph\":[{\"@type\":\"WebSite\",\"@id\":\"https:\/\/revista.isfin.ro\/#website\",\"url\":\"https:\/\/revista.isfin.ro\/\",\"name\":\"Revista de Studii Financiare\",\"description\":\"\",\"potentialAction\":[{\"@type\":\"SearchAction\",\"target\":{\"@type\":\"EntryPoint\",\"urlTemplate\":\"https:\/\/revista.isfin.ro\/?s={search_term_string}\"},\"query-input\":\"required name=search_term_string\"}],\"inLanguage\":\"en-GB\"},{\"@type\":\"ImageObject\",\"@id\":\"https:\/\/revista.isfin.ro\/articole-premiate\/#primaryimage\",\"inLanguage\":\"en-GB\",\"url\":\"https:\/\/revista.isfin.ro\/wp-content\/uploads\/2020\/07\/isf-logo.png\",\"contentUrl\":\"https:\/\/revista.isfin.ro\/wp-content\/uploads\/2020\/07\/isf-logo.png\",\"width\":212,\"height\":100},{\"@type\":\"WebPage\",\"@id\":\"https:\/\/revista.isfin.ro\/articole-premiate\/#webpage\",\"url\":\"https:\/\/revista.isfin.ro\/articole-premiate\/\",\"name\":\"Articole premiate - Revista de Studii Financiare\",\"isPartOf\":{\"@id\":\"https:\/\/revista.isfin.ro\/#website\"},\"primaryImageOfPage\":{\"@id\":\"https:\/\/revista.isfin.ro\/articole-premiate\/#primaryimage\"},\"datePublished\":\"2020-07-02T13:56:17+00:00\",\"dateModified\":\"2025-05-30T14:21:29+00:00\",\"breadcrumb\":{\"@id\":\"https:\/\/revista.isfin.ro\/articole-premiate\/#breadcrumb\"},\"inLanguage\":\"en-GB\",\"potentialAction\":[{\"@type\":\"ReadAction\",\"target\":[\"https:\/\/revista.isfin.ro\/articole-premiate\/\"]}]},{\"@type\":\"BreadcrumbList\",\"@id\":\"https:\/\/revista.isfin.ro\/articole-premiate\/#breadcrumb\",\"itemListElement\":[{\"@type\":\"ListItem\",\"position\":1,\"name\":\"Prima pagin\\u0103\",\"item\":\"https:\/\/revista.isfin.ro\/\"},{\"@type\":\"ListItem\",\"position\":2,\"name\":\"Articole premiate\"}]}]}<\/script>","yoast_head_json":{"title":"Articole premiate - Revista de Studii Financiare","robots":{"index":"index","follow":"follow","max-snippet":"max-snippet:-1","max-image-preview":"max-image-preview:large","max-video-preview":"max-video-preview:-1"},"canonical":"https:\/\/revista.isfin.ro\/en\/articole-premiate\/","og_locale":"en_GB","og_type":"article","og_title":"Articole premiate - Revista de Studii Financiare","og_description":"ACAS\u0102 INDEXARI BDI GHID PENTRU AUTORI Template&gt; Englez\u0103 ARTICOLE PREMIATE \u00a0 ARTICOLE PREMIATE | RSF nr.1, Structura sistemului bancar rom\u00e2nesc \u00een contextul economic \u0219i financiar actual Rodica Oana Ioni\u021b\u0103 | RSF nr.2, Efectul zilei din s\u0103pt\u0103m\u00e2n\u0103 pe pia\u021ba de capital din Rom\u00e2nia Alexandra Gabriela \u021ai\u021ban | RSF nr.3, Ajustarea teoriilor clasice de management al portofoliilor &hellip; Articole premiate Read More &raquo;","og_url":"https:\/\/revista.isfin.ro\/en\/articole-premiate\/","og_site_name":"Revista de Studii Financiare","article_modified_time":"2025-05-30T14:21:29+00:00","og_image":[{"url":"https:\/\/revista.isfin.ro\/wp-content\/uploads\/2020\/07\/isf-logo.png"}],"twitter_card":"summary_large_image","twitter_misc":{"Estimated reading time":"4 minutes"},"schema":{"@context":"https:\/\/schema.org","@graph":[{"@type":"WebSite","@id":"https:\/\/revista.isfin.ro\/#website","url":"https:\/\/revista.isfin.ro\/","name":"Revista de Studii Financiare","description":"","potentialAction":[{"@type":"SearchAction","target":{"@type":"EntryPoint","urlTemplate":"https:\/\/revista.isfin.ro\/?s={search_term_string}"},"query-input":"required name=search_term_string"}],"inLanguage":"en-GB"},{"@type":"ImageObject","@id":"https:\/\/revista.isfin.ro\/articole-premiate\/#primaryimage","inLanguage":"en-GB","url":"https:\/\/revista.isfin.ro\/wp-content\/uploads\/2020\/07\/isf-logo.png","contentUrl":"https:\/\/revista.isfin.ro\/wp-content\/uploads\/2020\/07\/isf-logo.png","width":212,"height":100},{"@type":"WebPage","@id":"https:\/\/revista.isfin.ro\/articole-premiate\/#webpage","url":"https:\/\/revista.isfin.ro\/articole-premiate\/","name":"Articole premiate - Revista de Studii Financiare","isPartOf":{"@id":"https:\/\/revista.isfin.ro\/#website"},"primaryImageOfPage":{"@id":"https:\/\/revista.isfin.ro\/articole-premiate\/#primaryimage"},"datePublished":"2020-07-02T13:56:17+00:00","dateModified":"2025-05-30T14:21:29+00:00","breadcrumb":{"@id":"https:\/\/revista.isfin.ro\/articole-premiate\/#breadcrumb"},"inLanguage":"en-GB","potentialAction":[{"@type":"ReadAction","target":["https:\/\/revista.isfin.ro\/articole-premiate\/"]}]},{"@type":"BreadcrumbList","@id":"https:\/\/revista.isfin.ro\/articole-premiate\/#breadcrumb","itemListElement":[{"@type":"ListItem","position":1,"name":"Prima pagin\u0103","item":"https:\/\/revista.isfin.ro\/"},{"@type":"ListItem","position":2,"name":"Articole premiate"}]}]}},"_links":{"self":[{"href":"https:\/\/revista.isfin.ro\/en\/wp-json\/wp\/v2\/pages\/2110"}],"collection":[{"href":"https:\/\/revista.isfin.ro\/en\/wp-json\/wp\/v2\/pages"}],"about":[{"href":"https:\/\/revista.isfin.ro\/en\/wp-json\/wp\/v2\/types\/page"}],"author":[{"embeddable":true,"href":"https:\/\/revista.isfin.ro\/en\/wp-json\/wp\/v2\/users\/1"}],"replies":[{"embeddable":true,"href":"https:\/\/revista.isfin.ro\/en\/wp-json\/wp\/v2\/comments?post=2110"}],"version-history":[{"count":34,"href":"https:\/\/revista.isfin.ro\/en\/wp-json\/wp\/v2\/pages\/2110\/revisions"}],"predecessor-version":[{"id":10059,"href":"https:\/\/revista.isfin.ro\/en\/wp-json\/wp\/v2\/pages\/2110\/revisions\/10059"}],"wp:attachment":[{"href":"https:\/\/revista.isfin.ro\/en\/wp-json\/wp\/v2\/media?parent=2110"}],"curies":[{"name":"wp","href":"https:\/\/api.w.org\/{rel}","templated":true}]}}