{"id":2114,"date":"2020-07-02T13:57:49","date_gmt":"2020-07-02T13:57:49","guid":{"rendered":"https:\/\/revista.isfin.ro\/?page_id=2114"},"modified":"2025-05-30T14:22:22","modified_gmt":"2025-05-30T14:22:22","slug":"contact","status":"publish","type":"page","link":"https:\/\/revista.isfin.ro\/en\/contact\/","title":{"rendered":"Contact"},"content":{"rendered":"<div data-elementor-type=\"wp-page\" data-elementor-id=\"2114\" class=\"elementor elementor-2114\" data-elementor-settings=\"[]\">\n\t\t\t\t\t\t<div class=\"elementor-inner\">\n\t\t\t\t\t\t\t<div class=\"elementor-section-wrap\">\n\t\t\t\t\t\t\t<section class=\"elementor-section elementor-top-section elementor-element elementor-element-6ee533fd elementor-section-boxed elementor-section-height-default elementor-section-height-default\" data-id=\"6ee533fd\" data-element_type=\"section\">\n\t\t\t\t\t\t<div class=\"elementor-container elementor-column-gap-default\">\n\t\t\t\t\t\t\t<div class=\"elementor-row\">\n\t\t\t\t\t<div class=\"elementor-column elementor-col-50 elementor-top-column elementor-element elementor-element-5510c4fa\" data-id=\"5510c4fa\" data-element_type=\"column\">\n\t\t\t<div class=\"elementor-column-wrap elementor-element-populated\">\n\t\t\t\t\t\t\t<div class=\"elementor-widget-wrap\">\n\t\t\t\t\t\t<div class=\"elementor-element elementor-element-34ae73a1 eael-infobox-content-align-center elementor-widget elementor-widget-eael-info-box\" data-id=\"34ae73a1\" data-element_type=\"widget\" data-widget_type=\"eael-info-box.default\">\n\t\t\t\t<div class=\"elementor-widget-container\">\n\t\t\t        <a href=\"https:\/\/revista.isfin.ro\/en\/\"  >            <div class=\"eael-infobox\">\n                    <div class=\"infobox-content\">\n            <h4 class=\"title\"><\/h4>\n                                                                        <p><p style=\"text-align: left;\">HOME<\/p><\/p>\n                                                                            <\/div>\n    <\/div><\/a>\t\t<\/div>\n\t\t\t\t<\/div>\n\t\t\t\t<div class=\"elementor-element elementor-element-6d653f6 eael-infobox-content-align-center elementor-widget elementor-widget-eael-info-box\" data-id=\"6d653f6\" data-element_type=\"widget\" data-widget_type=\"eael-info-box.default\">\n\t\t\t\t<div class=\"elementor-widget-container\">\n\t\t\t        <a href=\"https:\/\/revista.isfin.ro\/en\/indexare\/\"  >            <div class=\"eael-infobox\">\n                    <div class=\"infobox-content\">\n            <h4 class=\"title\"><\/h4>\n                                                                        <p><p style=\"text-align: left;\">BDI INDEXING<\/p><\/p>\n                                                                            <\/div>\n    <\/div><\/a>\t\t<\/div>\n\t\t\t\t<\/div>\n\t\t\t\t<div class=\"elementor-element elementor-element-19499350 elementor-widget elementor-widget-html\" data-id=\"19499350\" data-element_type=\"widget\" data-widget_type=\"html.default\">\n\t\t\t\t<div class=\"elementor-widget-container\">\n\t\t\t<script> jQuery(document).ready(function($) { var delay = 100; setTimeout(function() { $('.elementor-tab-title').removeClass('elementor-active'); $('.elementor-tab-content').css('display', 'none'); }, delay); }); <\/script>\t\t<\/div>\n\t\t\t\t<\/div>\n\t\t\t\t<div class=\"elementor-element elementor-element-2c70c090 elementor-widget elementor-widget-accordion\" data-id=\"2c70c090\" data-element_type=\"widget\" data-widget_type=\"accordion.default\">\n\t\t\t\t<div class=\"elementor-widget-container\">\n\t\t\t\t\t<div class=\"elementor-accordion\" role=\"tablist\">\n\t\t\t\t\t\t\t<div class=\"elementor-accordion-item\">\n\t\t\t\t\t<div id=\"elementor-tab-title-7451\" class=\"elementor-tab-title\" data-tab=\"1\" role=\"tab\" aria-controls=\"elementor-tab-content-7451\" aria-expanded=\"false\">\n\t\t\t\t\t\t\t\t\t\t\t\t\t<span class=\"elementor-accordion-icon elementor-accordion-icon-right\" aria-hidden=\"true\">\n\t\t\t\t\t\t\t\t\t\t\t\t\t\t\t<span class=\"elementor-accordion-icon-closed\"><i class=\"fas fa-chevron-down\"><\/i><\/span>\n\t\t\t\t\t\t\t\t<span class=\"elementor-accordion-icon-opened\"><i class=\"fas fa-chevron-up\"><\/i><\/span>\n\t\t\t\t\t\t\t\t\t\t\t\t\t\t<\/span>\n\t\t\t\t\t\t\t\t\t\t\t\t<a class=\"elementor-accordion-title\" href=\"\">GUIDE FOR AUTHORS<\/a>\n\t\t\t\t\t<\/div>\n\t\t\t\t\t<div id=\"elementor-tab-content-7451\" class=\"elementor-tab-content elementor-clearfix\" data-tab=\"1\" role=\"tabpanel\" aria-labelledby=\"elementor-tab-title-7451\"><p>Template<br \/>&gt; <a href=\"\/wp-content\/uploads\/2025\/05\/Template_EN_19_2025.doc\" target=\"_blank\" rel=\"noopener\">English<\/a><\/p><\/div>\n\t\t\t\t<\/div>\n\t\t\t\t\t\t\t\t<\/div>\n\t\t\t\t<\/div>\n\t\t\t\t<\/div>\n\t\t\t\t<div class=\"elementor-element elementor-element-5436ec7c eael-infobox-content-align-center elementor-widget elementor-widget-eael-info-box\" data-id=\"5436ec7c\" data-element_type=\"widget\" data-widget_type=\"eael-info-box.default\">\n\t\t\t\t<div class=\"elementor-widget-container\">\n\t\t\t        <a href=\"https:\/\/revista.isfin.ro\/en\/articole-premiate\/\"  >            <div class=\"eael-infobox\">\n                    <div class=\"infobox-content\">\n            <h4 class=\"title\"><\/h4>\n                                                                        <p><p style=\"text-align: left;\">PRIZED ARTICLES<\/p><\/p>\n                                                                            <\/div>\n    <\/div><\/a>\t\t<\/div>\n\t\t\t\t<\/div>\n\t\t\t\t<div class=\"elementor-element elementor-element-36a8a6b5 elementor-widget elementor-widget-image\" data-id=\"36a8a6b5\" data-element_type=\"widget\" data-widget_type=\"image.default\">\n\t\t\t\t<div class=\"elementor-widget-container\">\n\t\t\t\t\t\t\t\t<div class=\"elementor-image\">\n\t\t\t\t\t\t\t\t\t\t\t\t<img width=\"212\" height=\"100\" src=\"https:\/\/revista.isfin.ro\/wp-content\/uploads\/2020\/07\/isf-logo.png\" class=\"attachment-full size-full\" alt=\"\" loading=\"lazy\" srcset=\"https:\/\/revista.isfin.ro\/wp-content\/uploads\/2020\/07\/isf-logo.png 212w, https:\/\/revista.isfin.ro\/wp-content\/uploads\/2020\/07\/isf-logo-24x11.png 24w, https:\/\/revista.isfin.ro\/wp-content\/uploads\/2020\/07\/isf-logo-36x17.png 36w, https:\/\/revista.isfin.ro\/wp-content\/uploads\/2020\/07\/isf-logo-48x23.png 48w\" sizes=\"(max-width: 212px) 100vw, 212px\" \/>\t\t\t\t\t\t\t\t\t\t\t\t\t\t<\/div>\n\t\t\t\t\t\t<\/div>\n\t\t\t\t<\/div>\n\t\t\t\t\t\t<\/div>\n\t\t\t\t\t<\/div>\n\t\t<\/div>\n\t\t\t\t<div class=\"elementor-column elementor-col-50 elementor-top-column elementor-element elementor-element-48e1068f\" data-id=\"48e1068f\" data-element_type=\"column\">\n\t\t\t<div class=\"elementor-column-wrap elementor-element-populated\">\n\t\t\t\t\t\t\t<div class=\"elementor-widget-wrap\">\n\t\t\t\t\t\t<div class=\"elementor-element elementor-element-2851e4b elementor-widget elementor-widget-text-editor\" data-id=\"2851e4b\" data-element_type=\"widget\" data-widget_type=\"text-editor.default\">\n\t\t\t\t<div class=\"elementor-widget-container\">\n\t\t\t\t\t\t\t\t<div class=\"elementor-text-editor elementor-clearfix\">\n\t\t\t\t<div class=\"wpb_text_column wpb_content_element\"><div class=\"wpb_wrapper\" style=\"text-align: center;\">\u00a0<\/div><\/div><div class=\"wpb_text_column wpb_content_element\"><div class=\"wpb_wrapper\"><p style=\"text-align: center;\">CONTACT<\/p><\/div><\/div>\t\t\t\t\t<\/div>\n\t\t\t\t\t\t<\/div>\n\t\t\t\t<\/div>\n\t\t\t\t<section class=\"elementor-section elementor-inner-section elementor-element elementor-element-a2ab443 elementor-section-boxed elementor-section-height-default elementor-section-height-default\" data-id=\"a2ab443\" data-element_type=\"section\" data-settings=\"{&quot;background_background&quot;:&quot;classic&quot;}\">\n\t\t\t\t\t\t<div class=\"elementor-container elementor-column-gap-default\">\n\t\t\t\t\t\t\t<div class=\"elementor-row\">\n\t\t\t\t\t<div class=\"elementor-column elementor-col-100 elementor-inner-column elementor-element elementor-element-4680928\" data-id=\"4680928\" data-element_type=\"column\" data-settings=\"{&quot;background_background&quot;:&quot;classic&quot;}\">\n\t\t\t<div class=\"elementor-column-wrap elementor-element-populated\">\n\t\t\t\t\t\t\t<div class=\"elementor-widget-wrap\">\n\t\t\t\t\t\t<div class=\"elementor-element elementor-element-631e7df elementor-widget elementor-widget-text-editor\" data-id=\"631e7df\" data-element_type=\"widget\" data-widget_type=\"text-editor.default\">\n\t\t\t\t<div class=\"elementor-widget-container\">\n\t\t\t\t\t\t\t\t<div class=\"elementor-text-editor elementor-clearfix\">\n\t\t\t\t<strong>Editorial:<\/strong>\u00a0Bucharest, str. Popa Petre no. 24, sector 2 <br>\n\n<strong>Phone:<\/strong>\u00a0<a href=\"tel:+40212305120\">021.230.51.20<\/a>\n<strong>\n<br>\nEmail:<\/strong>\u00a0<a href=\"mailto:revista@isfin.ro\">revista@isfin.ro<\/a>\t\t\t\t\t<\/div>\n\t\t\t\t\t\t<\/div>\n\t\t\t\t<\/div>\n\t\t\t\t<div class=\"elementor-element elementor-element-ab3749b elementor-widget elementor-widget-image\" data-id=\"ab3749b\" data-element_type=\"widget\" data-widget_type=\"image.default\">\n\t\t\t\t<div class=\"elementor-widget-container\">\n\t\t\t\t\t\t\t\t<div class=\"elementor-image\">\n\t\t\t\t\t\t\t\t\t\t\t\t<img src=\"https:\/\/revista.isfin.ro\/wp-content\/uploads\/2020\/07\/adresa-rsf-1.jpg\" title=\"adresa-rsf (1)\" alt=\"adresa-rsf (1)\" \/>\t\t\t\t\t\t\t\t\t\t\t\t\t\t<\/div>\n\t\t\t\t\t\t<\/div>\n\t\t\t\t<\/div>\n\t\t\t\t\t\t<\/div>\n\t\t\t\t\t<\/div>\n\t\t<\/div>\n\t\t\t\t\t\t\t\t<\/div>\n\t\t\t\t\t<\/div>\n\t\t<\/section>\n\t\t\t\t\t\t<\/div>\n\t\t\t\t\t<\/div>\n\t\t<\/div>\n\t\t\t\t\t\t\t\t<\/div>\n\t\t\t\t\t<\/div>\n\t\t<\/section>\n\t\t\t\t<section class=\"elementor-section elementor-top-section elementor-element elementor-element-1becef26 elementor-section-boxed elementor-section-height-default elementor-section-height-default\" data-id=\"1becef26\" data-element_type=\"section\">\n\t\t\t\t\t\t<div class=\"elementor-container elementor-column-gap-default\">\n\t\t\t\t\t\t\t<div class=\"elementor-row\">\n\t\t\t\t\t<div class=\"elementor-column elementor-col-100 elementor-top-column elementor-element elementor-element-67f5ef8d\" data-id=\"67f5ef8d\" data-element_type=\"column\">\n\t\t\t<div class=\"elementor-column-wrap elementor-element-populated\">\n\t\t\t\t\t\t\t<div class=\"elementor-widget-wrap\">\n\t\t\t\t\t\t<div class=\"elementor-element elementor-element-550e9c21 elementor-widget elementor-widget-spacer\" data-id=\"550e9c21\" data-element_type=\"widget\" data-widget_type=\"spacer.default\">\n\t\t\t\t<div class=\"elementor-widget-container\">\n\t\t\t\t\t<div class=\"elementor-spacer\">\n\t\t\t<div class=\"elementor-spacer-inner\"><\/div>\n\t\t<\/div>\n\t\t\t\t<\/div>\n\t\t\t\t<\/div>\n\t\t\t\t<div class=\"elementor-element elementor-element-6f4e8a1c elementor-widget elementor-widget-text-editor\" data-id=\"6f4e8a1c\" data-element_type=\"widget\" data-widget_type=\"text-editor.default\">\n\t\t\t\t<div class=\"elementor-widget-container\">\n\t\t\t\t\t\t\t\t<div class=\"elementor-text-editor elementor-clearfix\">\n\t\t\t\t<p>INTERNATIONAL DATABASES<\/p>\t\t\t\t\t<\/div>\n\t\t\t\t\t\t<\/div>\n\t\t\t\t<\/div>\n\t\t\t\t<div class=\"elementor-element elementor-element-474f1af0 elementor-arrows-position-inside elementor-pagination-position-outside elementor-widget elementor-widget-image-carousel\" data-id=\"474f1af0\" data-element_type=\"widget\" data-settings=\"{&quot;navigation&quot;:&quot;both&quot;,&quot;autoplay&quot;:&quot;yes&quot;,&quot;pause_on_hover&quot;:&quot;yes&quot;,&quot;pause_on_interaction&quot;:&quot;yes&quot;,&quot;autoplay_speed&quot;:5000,&quot;infinite&quot;:&quot;yes&quot;,&quot;speed&quot;:500}\" data-widget_type=\"image-carousel.default\">\n\t\t\t\t<div class=\"elementor-widget-container\">\n\t\t\t\t\t<div class=\"elementor-image-carousel-wrapper swiper-container\" dir=\"ltr\">\n\t\t\t<div class=\"elementor-image-carousel swiper-wrapper\">\n\t\t\t\t\t\t\t\t<div class=\"swiper-slide\"><figure class=\"swiper-slide-inner\"><img class=\"swiper-slide-image\" src=\"https:\/\/revista.isfin.ro\/wp-content\/uploads\/2020\/07\/Google_Scholar_logo_2015.png\" alt=\"Google_Scholar_logo_2015\" \/><\/figure><\/div><div class=\"swiper-slide\"><figure class=\"swiper-slide-inner\"><img class=\"swiper-slide-image\" src=\"https:\/\/revista.isfin.ro\/wp-content\/uploads\/2020\/07\/2.png\" alt=\"2\" \/><\/figure><\/div><div class=\"swiper-slide\"><figure class=\"swiper-slide-inner\"><img class=\"swiper-slide-image\" src=\"https:\/\/revista.isfin.ro\/wp-content\/uploads\/2020\/07\/3.png\" alt=\"3\" \/><\/figure><\/div><div class=\"swiper-slide\"><figure class=\"swiper-slide-inner\"><img class=\"swiper-slide-image\" src=\"https:\/\/revista.isfin.ro\/wp-content\/uploads\/2020\/07\/4.png\" alt=\"4\" \/><\/figure><\/div><div class=\"swiper-slide\"><figure class=\"swiper-slide-inner\"><img class=\"swiper-slide-image\" src=\"https:\/\/revista.isfin.ro\/wp-content\/uploads\/2020\/07\/5.png\" alt=\"5\" \/><\/figure><\/div><div class=\"swiper-slide\"><figure class=\"swiper-slide-inner\"><img class=\"swiper-slide-image\" src=\"https:\/\/revista.isfin.ro\/wp-content\/uploads\/2020\/07\/6.png\" alt=\"6\" \/><\/figure><\/div><div class=\"swiper-slide\"><figure class=\"swiper-slide-inner\"><img class=\"swiper-slide-image\" src=\"https:\/\/revista.isfin.ro\/wp-content\/uploads\/2020\/07\/7.png\" alt=\"7\" \/><\/figure><\/div><div class=\"swiper-slide\"><figure class=\"swiper-slide-inner\"><img class=\"swiper-slide-image\" src=\"https:\/\/revista.isfin.ro\/wp-content\/uploads\/2020\/07\/8.png\" alt=\"8\" \/><\/figure><\/div><div class=\"swiper-slide\"><figure class=\"swiper-slide-inner\"><img class=\"swiper-slide-image\" src=\"https:\/\/revista.isfin.ro\/wp-content\/uploads\/2020\/07\/10.png\" alt=\"10\" \/><\/figure><\/div>\t\t\t<\/div>\n\t\t\t\t\t\t\t\t\t\t\t\t<div class=\"swiper-pagination\"><\/div>\n\t\t\t\t\t\t\t\t\t\t\t\t\t<div class=\"elementor-swiper-button elementor-swiper-button-prev\">\n\t\t\t\t\t\t<i class=\"eicon-chevron-left\" aria-hidden=\"true\"><\/i>\n\t\t\t\t\t\t<span class=\"elementor-screen-only\">Previous<\/span>\n\t\t\t\t\t<\/div>\n\t\t\t\t\t<div class=\"elementor-swiper-button elementor-swiper-button-next\">\n\t\t\t\t\t\t<i class=\"eicon-chevron-right\" aria-hidden=\"true\"><\/i>\n\t\t\t\t\t\t<span class=\"elementor-screen-only\">Next<\/span>\n\t\t\t\t\t<\/div>\n\t\t\t\t\t\t\t\t\t<\/div>\n\t\t\t\t<\/div>\n\t\t\t\t<\/div>\n\t\t\t\t<div class=\"elementor-element elementor-element-2054fb29 elementor-widget elementor-widget-text-editor\" data-id=\"2054fb29\" data-element_type=\"widget\" data-widget_type=\"text-editor.default\">\n\t\t\t\t<div class=\"elementor-widget-container\">\n\t\t\t\t\t\t\t\t<div class=\"elementor-text-editor elementor-clearfix\">\n\t\t\t\t<p style=\"text-align: center;\"><img loading=\"lazy\" class=\"alignnone size-full wp-image-3272\" src=\"https:\/\/revista.isfin.ro\/wp-content\/uploads\/2020\/08\/licente-creative-commons-atribuire-4.0-international.png\" alt=\"\" width=\"88\" height=\"31\" srcset=\"https:\/\/revista.isfin.ro\/wp-content\/uploads\/2020\/08\/licente-creative-commons-atribuire-4.0-international.png 88w, https:\/\/revista.isfin.ro\/wp-content\/uploads\/2020\/08\/licente-creative-commons-atribuire-4.0-international-24x8.png 24w, https:\/\/revista.isfin.ro\/wp-content\/uploads\/2020\/08\/licente-creative-commons-atribuire-4.0-international-36x13.png 36w, https:\/\/revista.isfin.ro\/wp-content\/uploads\/2020\/08\/licente-creative-commons-atribuire-4.0-international-48x17.png 48w\" sizes=\"(max-width: 88px) 100vw, 88px\" \/>\u00a0This work is provided under <a href=\"http:\/\/creativecommons.org\/licenses\/by\/4.0\/\" target=\"_blank\" rel=\"license noopener\">Creative Commons Attribution 4.0 International license<\/a><\/p>\t\t\t\t\t<\/div>\n\t\t\t\t\t\t<\/div>\n\t\t\t\t<\/div>\n\t\t\t\t\t\t<\/div>\n\t\t\t\t\t<\/div>\n\t\t<\/div>\n\t\t\t\t\t\t\t\t<\/div>\n\t\t\t\t\t<\/div>\n\t\t<\/section>\n\t\t\t\t\t\t<\/div>\n\t\t\t\t\t\t<\/div>\n\t\t\t\t\t<\/div>","protected":false},"excerpt":{"rendered":"<p>ACAS\u0102 INDEX\u0102RI BDI GHID PENTRU AUTORI Template&gt; Englez\u0103 ARTICOLE PREMIATE \u00a0 CONTACT Redactie:\u00a0Bucuresti, str. Popa Petre nr. 24, sector 2 Telefon:\u00a0021.230.51.20 Email:\u00a0revista@isfin.ro BAZE DE DATE INTERNA\u021aIONALE Anterioar\u0103 Urm\u0103toare \u00a0Aceast\u0103 oper\u0103 este pus\u0103 la dispozi\u021bie sub Licen\u021b\u0103 Creative Commons Atribuire 4.0 Interna\u021bional<\/p>","protected":false},"author":1,"featured_media":0,"parent":0,"menu_order":0,"comment_status":"closed","ping_status":"closed","template":"elementor_header_footer","meta":[],"yoast_head":"<title>Contact - Revista de Studii Financiare<\/title>\n<meta name=\"robots\" content=\"index, follow, max-snippet:-1, max-image-preview:large, max-video-preview:-1\" \/>\n<link rel=\"canonical\" href=\"https:\/\/revista.isfin.ro\/en\/contact\/\" \/>\n<meta property=\"og:locale\" content=\"en_GB\" \/>\n<meta property=\"og:type\" content=\"article\" \/>\n<meta property=\"og:title\" content=\"Contact - Revista de Studii Financiare\" \/>\n<meta property=\"og:description\" content=\"ACAS\u0102 INDEX\u0102RI BDI GHID PENTRU AUTORI Template&gt; Englez\u0103 ARTICOLE PREMIATE \u00a0 CONTACT Redactie:\u00a0Bucuresti, str. Popa Petre nr. 24, sector 2 Telefon:\u00a0021.230.51.20 Email:\u00a0revista@isfin.ro BAZE DE DATE INTERNA\u021aIONALE Anterioar\u0103 Urm\u0103toare \u00a0Aceast\u0103 oper\u0103 este pus\u0103 la dispozi\u021bie sub Licen\u021b\u0103 Creative Commons Atribuire 4.0 Interna\u021bional\" \/>\n<meta property=\"og:url\" content=\"https:\/\/revista.isfin.ro\/en\/contact\/\" \/>\n<meta property=\"og:site_name\" content=\"Revista de Studii Financiare\" \/>\n<meta property=\"article:modified_time\" content=\"2025-05-30T14:22:22+00:00\" \/>\n<meta property=\"og:image\" content=\"https:\/\/revista.isfin.ro\/wp-content\/uploads\/2020\/07\/isf-logo.png\" \/>\n<meta name=\"twitter:card\" content=\"summary_large_image\" \/>\n<meta name=\"twitter:label1\" content=\"Estimated reading time\" \/>\n\t<meta name=\"twitter:data1\" content=\"4 minutes\" \/>\n<script type=\"application\/ld+json\" class=\"yoast-schema-graph\">{\"@context\":\"https:\/\/schema.org\",\"@graph\":[{\"@type\":\"WebSite\",\"@id\":\"https:\/\/revista.isfin.ro\/#website\",\"url\":\"https:\/\/revista.isfin.ro\/\",\"name\":\"Revista de Studii Financiare\",\"description\":\"\",\"potentialAction\":[{\"@type\":\"SearchAction\",\"target\":{\"@type\":\"EntryPoint\",\"urlTemplate\":\"https:\/\/revista.isfin.ro\/?s={search_term_string}\"},\"query-input\":\"required name=search_term_string\"}],\"inLanguage\":\"en-GB\"},{\"@type\":\"ImageObject\",\"@id\":\"https:\/\/revista.isfin.ro\/contact\/#primaryimage\",\"inLanguage\":\"en-GB\",\"url\":\"https:\/\/revista.isfin.ro\/wp-content\/uploads\/2020\/07\/isf-logo.png\",\"contentUrl\":\"https:\/\/revista.isfin.ro\/wp-content\/uploads\/2020\/07\/isf-logo.png\",\"width\":212,\"height\":100},{\"@type\":\"WebPage\",\"@id\":\"https:\/\/revista.isfin.ro\/contact\/#webpage\",\"url\":\"https:\/\/revista.isfin.ro\/contact\/\",\"name\":\"Contact - Revista de Studii Financiare\",\"isPartOf\":{\"@id\":\"https:\/\/revista.isfin.ro\/#website\"},\"primaryImageOfPage\":{\"@id\":\"https:\/\/revista.isfin.ro\/contact\/#primaryimage\"},\"datePublished\":\"2020-07-02T13:57:49+00:00\",\"dateModified\":\"2025-05-30T14:22:22+00:00\",\"breadcrumb\":{\"@id\":\"https:\/\/revista.isfin.ro\/contact\/#breadcrumb\"},\"inLanguage\":\"en-GB\",\"potentialAction\":[{\"@type\":\"ReadAction\",\"target\":[\"https:\/\/revista.isfin.ro\/contact\/\"]}]},{\"@type\":\"BreadcrumbList\",\"@id\":\"https:\/\/revista.isfin.ro\/contact\/#breadcrumb\",\"itemListElement\":[{\"@type\":\"ListItem\",\"position\":1,\"name\":\"Prima pagin\\u0103\",\"item\":\"https:\/\/revista.isfin.ro\/\"},{\"@type\":\"ListItem\",\"position\":2,\"name\":\"Contact\"}]}]}<\/script>","yoast_head_json":{"title":"Contact - Revista de Studii Financiare","robots":{"index":"index","follow":"follow","max-snippet":"max-snippet:-1","max-image-preview":"max-image-preview:large","max-video-preview":"max-video-preview:-1"},"canonical":"https:\/\/revista.isfin.ro\/en\/contact\/","og_locale":"en_GB","og_type":"article","og_title":"Contact - Revista de Studii Financiare","og_description":"ACAS\u0102 INDEX\u0102RI BDI GHID PENTRU AUTORI Template&gt; Englez\u0103 ARTICOLE PREMIATE \u00a0 CONTACT Redactie:\u00a0Bucuresti, str. Popa Petre nr. 24, sector 2 Telefon:\u00a0021.230.51.20 Email:\u00a0revista@isfin.ro BAZE DE DATE INTERNA\u021aIONALE Anterioar\u0103 Urm\u0103toare \u00a0Aceast\u0103 oper\u0103 este pus\u0103 la dispozi\u021bie sub Licen\u021b\u0103 Creative Commons Atribuire 4.0 Interna\u021bional","og_url":"https:\/\/revista.isfin.ro\/en\/contact\/","og_site_name":"Revista de Studii Financiare","article_modified_time":"2025-05-30T14:22:22+00:00","og_image":[{"url":"https:\/\/revista.isfin.ro\/wp-content\/uploads\/2020\/07\/isf-logo.png"}],"twitter_card":"summary_large_image","twitter_misc":{"Estimated reading time":"4 minutes"},"schema":{"@context":"https:\/\/schema.org","@graph":[{"@type":"WebSite","@id":"https:\/\/revista.isfin.ro\/#website","url":"https:\/\/revista.isfin.ro\/","name":"Revista de Studii Financiare","description":"","potentialAction":[{"@type":"SearchAction","target":{"@type":"EntryPoint","urlTemplate":"https:\/\/revista.isfin.ro\/?s={search_term_string}"},"query-input":"required name=search_term_string"}],"inLanguage":"en-GB"},{"@type":"ImageObject","@id":"https:\/\/revista.isfin.ro\/contact\/#primaryimage","inLanguage":"en-GB","url":"https:\/\/revista.isfin.ro\/wp-content\/uploads\/2020\/07\/isf-logo.png","contentUrl":"https:\/\/revista.isfin.ro\/wp-content\/uploads\/2020\/07\/isf-logo.png","width":212,"height":100},{"@type":"WebPage","@id":"https:\/\/revista.isfin.ro\/contact\/#webpage","url":"https:\/\/revista.isfin.ro\/contact\/","name":"Contact - Revista de Studii Financiare","isPartOf":{"@id":"https:\/\/revista.isfin.ro\/#website"},"primaryImageOfPage":{"@id":"https:\/\/revista.isfin.ro\/contact\/#primaryimage"},"datePublished":"2020-07-02T13:57:49+00:00","dateModified":"2025-05-30T14:22:22+00:00","breadcrumb":{"@id":"https:\/\/revista.isfin.ro\/contact\/#breadcrumb"},"inLanguage":"en-GB","potentialAction":[{"@type":"ReadAction","target":["https:\/\/revista.isfin.ro\/contact\/"]}]},{"@type":"BreadcrumbList","@id":"https:\/\/revista.isfin.ro\/contact\/#breadcrumb","itemListElement":[{"@type":"ListItem","position":1,"name":"Prima pagin\u0103","item":"https:\/\/revista.isfin.ro\/"},{"@type":"ListItem","position":2,"name":"Contact"}]}]}},"_links":{"self":[{"href":"https:\/\/revista.isfin.ro\/en\/wp-json\/wp\/v2\/pages\/2114"}],"collection":[{"href":"https:\/\/revista.isfin.ro\/en\/wp-json\/wp\/v2\/pages"}],"about":[{"href":"https:\/\/revista.isfin.ro\/en\/wp-json\/wp\/v2\/types\/page"}],"author":[{"embeddable":true,"href":"https:\/\/revista.isfin.ro\/en\/wp-json\/wp\/v2\/users\/1"}],"replies":[{"embeddable":true,"href":"https:\/\/revista.isfin.ro\/en\/wp-json\/wp\/v2\/comments?post=2114"}],"version-history":[{"count":28,"href":"https:\/\/revista.isfin.ro\/en\/wp-json\/wp\/v2\/pages\/2114\/revisions"}],"predecessor-version":[{"id":10068,"href":"https:\/\/revista.isfin.ro\/en\/wp-json\/wp\/v2\/pages\/2114\/revisions\/10068"}],"wp:attachment":[{"href":"https:\/\/revista.isfin.ro\/en\/wp-json\/wp\/v2\/media?parent=2114"}],"curies":[{"name":"wp","href":"https:\/\/api.w.org\/{rel}","templated":true}]}}