{"id":2269,"date":"2020-07-15T09:30:59","date_gmt":"2020-07-15T09:30:59","guid":{"rendered":"https:\/\/revista.isfin.ro\/?page_id=2269"},"modified":"2025-05-30T14:22:43","modified_gmt":"2025-05-30T14:22:43","slug":"indexare","status":"publish","type":"page","link":"https:\/\/revista.isfin.ro\/en\/indexare\/","title":{"rendered":"Indexari BDI"},"content":{"rendered":"<div data-elementor-type=\"wp-page\" data-elementor-id=\"2269\" class=\"elementor elementor-2269\" data-elementor-settings=\"[]\">\n\t\t\t\t\t\t<div class=\"elementor-inner\">\n\t\t\t\t\t\t\t<div class=\"elementor-section-wrap\">\n\t\t\t\t\t\t\t<section class=\"elementor-section elementor-top-section elementor-element elementor-element-6fb3755b elementor-section-boxed elementor-section-height-default elementor-section-height-default\" data-id=\"6fb3755b\" data-element_type=\"section\">\n\t\t\t\t\t\t<div class=\"elementor-container elementor-column-gap-default\">\n\t\t\t\t\t\t\t<div class=\"elementor-row\">\n\t\t\t\t\t<div class=\"elementor-column elementor-col-50 elementor-top-column elementor-element elementor-element-4337fbbd\" data-id=\"4337fbbd\" data-element_type=\"column\">\n\t\t\t<div class=\"elementor-column-wrap elementor-element-populated\">\n\t\t\t\t\t\t\t<div class=\"elementor-widget-wrap\">\n\t\t\t\t\t\t<div class=\"elementor-element elementor-element-3c0fd4c eael-infobox-content-align-center elementor-widget elementor-widget-eael-info-box\" data-id=\"3c0fd4c\" data-element_type=\"widget\" data-widget_type=\"eael-info-box.default\">\n\t\t\t\t<div class=\"elementor-widget-container\">\n\t\t\t        <a href=\"https:\/\/revista.isfin.ro\/en\/\"  >            <div class=\"eael-infobox\">\n                    <div class=\"infobox-content\">\n            <h4 class=\"title\"><\/h4>\n                                                                        <p><p style=\"text-align: left;\">HOME<\/p><\/p>\n                                                                            <\/div>\n    <\/div><\/a>\t\t<\/div>\n\t\t\t\t<\/div>\n\t\t\t\t<div class=\"elementor-element elementor-element-63d69edf eael-infobox-content-align-center elementor-widget elementor-widget-eael-info-box\" data-id=\"63d69edf\" data-element_type=\"widget\" data-widget_type=\"eael-info-box.default\">\n\t\t\t\t<div class=\"elementor-widget-container\">\n\t\t\t        <a href=\"https:\/\/revista.isfin.ro\/en\/indexare\/\"  >            <div class=\"eael-infobox\">\n                    <div class=\"infobox-content\">\n            <h4 class=\"title\"><\/h4>\n                                                                        <p><p style=\"text-align: left;\">BDI INDEXING<\/p><\/p>\n                                                                            <\/div>\n    <\/div><\/a>\t\t<\/div>\n\t\t\t\t<\/div>\n\t\t\t\t<div class=\"elementor-element elementor-element-33e8a7f0 elementor-widget elementor-widget-html\" data-id=\"33e8a7f0\" data-element_type=\"widget\" data-widget_type=\"html.default\">\n\t\t\t\t<div class=\"elementor-widget-container\">\n\t\t\t<script> jQuery(document).ready(function($) { var delay = 100; setTimeout(function() { $('.elementor-tab-title').removeClass('elementor-active'); $('.elementor-tab-content').css('display', 'none'); }, delay); }); <\/script>\t\t<\/div>\n\t\t\t\t<\/div>\n\t\t\t\t<div class=\"elementor-element elementor-element-31d77892 elementor-widget elementor-widget-accordion\" data-id=\"31d77892\" data-element_type=\"widget\" data-widget_type=\"accordion.default\">\n\t\t\t\t<div class=\"elementor-widget-container\">\n\t\t\t\t\t<div class=\"elementor-accordion\" role=\"tablist\">\n\t\t\t\t\t\t\t<div class=\"elementor-accordion-item\">\n\t\t\t\t\t<div id=\"elementor-tab-title-8361\" class=\"elementor-tab-title\" data-tab=\"1\" role=\"tab\" aria-controls=\"elementor-tab-content-8361\" aria-expanded=\"false\">\n\t\t\t\t\t\t\t\t\t\t\t\t\t<span class=\"elementor-accordion-icon elementor-accordion-icon-right\" aria-hidden=\"true\">\n\t\t\t\t\t\t\t\t\t\t\t\t\t\t\t<span class=\"elementor-accordion-icon-closed\"><i class=\"fas fa-chevron-down\"><\/i><\/span>\n\t\t\t\t\t\t\t\t<span class=\"elementor-accordion-icon-opened\"><i class=\"fas fa-chevron-up\"><\/i><\/span>\n\t\t\t\t\t\t\t\t\t\t\t\t\t\t<\/span>\n\t\t\t\t\t\t\t\t\t\t\t\t<a class=\"elementor-accordion-title\" href=\"\">GUIDE FOR AUTHORS<\/a>\n\t\t\t\t\t<\/div>\n\t\t\t\t\t<div id=\"elementor-tab-content-8361\" class=\"elementor-tab-content elementor-clearfix\" data-tab=\"1\" role=\"tabpanel\" aria-labelledby=\"elementor-tab-title-8361\"><p>Template<br \/>&gt; <a href=\"\/wp-content\/uploads\/2025\/05\/Template_EN_19_2025.doc\" target=\"_blank\" rel=\"noopener\">English<\/a><\/p><\/div>\n\t\t\t\t<\/div>\n\t\t\t\t\t\t\t\t<\/div>\n\t\t\t\t<\/div>\n\t\t\t\t<\/div>\n\t\t\t\t<div class=\"elementor-element elementor-element-7d609eeb eael-infobox-content-align-center elementor-widget elementor-widget-eael-info-box\" data-id=\"7d609eeb\" data-element_type=\"widget\" data-widget_type=\"eael-info-box.default\">\n\t\t\t\t<div class=\"elementor-widget-container\">\n\t\t\t        <a href=\"https:\/\/revista.isfin.ro\/en\/articole-premiate\/\"  >            <div class=\"eael-infobox\">\n                    <div class=\"infobox-content\">\n            <h4 class=\"title\"><\/h4>\n                                                                        <p><p style=\"text-align: left;\">PRIZED ARTICLES<\/p><\/p>\n                                                                            <\/div>\n    <\/div><\/a>\t\t<\/div>\n\t\t\t\t<\/div>\n\t\t\t\t<div class=\"elementor-element elementor-element-1ac715af elementor-widget elementor-widget-image\" data-id=\"1ac715af\" data-element_type=\"widget\" data-widget_type=\"image.default\">\n\t\t\t\t<div class=\"elementor-widget-container\">\n\t\t\t\t\t\t\t\t<div class=\"elementor-image\">\n\t\t\t\t\t\t\t\t\t\t\t\t<img width=\"212\" height=\"100\" src=\"https:\/\/revista.isfin.ro\/wp-content\/uploads\/2020\/07\/isf-logo.png\" class=\"attachment-full size-full\" alt=\"\" loading=\"lazy\" srcset=\"https:\/\/revista.isfin.ro\/wp-content\/uploads\/2020\/07\/isf-logo.png 212w, https:\/\/revista.isfin.ro\/wp-content\/uploads\/2020\/07\/isf-logo-24x11.png 24w, https:\/\/revista.isfin.ro\/wp-content\/uploads\/2020\/07\/isf-logo-36x17.png 36w, https:\/\/revista.isfin.ro\/wp-content\/uploads\/2020\/07\/isf-logo-48x23.png 48w\" sizes=\"(max-width: 212px) 100vw, 212px\" \/>\t\t\t\t\t\t\t\t\t\t\t\t\t\t<\/div>\n\t\t\t\t\t\t<\/div>\n\t\t\t\t<\/div>\n\t\t\t\t\t\t<\/div>\n\t\t\t\t\t<\/div>\n\t\t<\/div>\n\t\t\t\t<div class=\"elementor-column elementor-col-50 elementor-top-column elementor-element elementor-element-6f8cca4b\" data-id=\"6f8cca4b\" data-element_type=\"column\">\n\t\t\t<div class=\"elementor-column-wrap elementor-element-populated\">\n\t\t\t\t\t\t\t<div class=\"elementor-widget-wrap\">\n\t\t\t\t\t\t<div class=\"elementor-element elementor-element-7e5f6dd6 elementor-widget elementor-widget-text-editor\" data-id=\"7e5f6dd6\" data-element_type=\"widget\" data-widget_type=\"text-editor.default\">\n\t\t\t\t<div class=\"elementor-widget-container\">\n\t\t\t\t\t\t\t\t<div class=\"elementor-text-editor elementor-clearfix\">\n\t\t\t\t<div class=\"wpb_text_column wpb_content_element\"><div class=\"wpb_wrapper\" style=\"text-align: center;\">\u00a0<\/div><\/div><div class=\"wpb_text_column wpb_content_element\"><div class=\"wpb_wrapper\"><p style=\"text-align: center;\">BDI INDEXING<\/p><\/div><\/div>\t\t\t\t\t<\/div>\n\t\t\t\t\t\t<\/div>\n\t\t\t\t<\/div>\n\t\t\t\t<section class=\"elementor-section elementor-inner-section elementor-element elementor-element-f6f9a2d elementor-section-boxed elementor-section-height-default elementor-section-height-default\" data-id=\"f6f9a2d\" data-element_type=\"section\">\n\t\t\t\t\t\t<div class=\"elementor-container elementor-column-gap-default\">\n\t\t\t\t\t\t\t<div class=\"elementor-row\">\n\t\t\t\t\t<div class=\"elementor-column elementor-col-50 elementor-inner-column elementor-element elementor-element-2bd6e73\" data-id=\"2bd6e73\" data-element_type=\"column\">\n\t\t\t<div class=\"elementor-column-wrap elementor-element-populated\">\n\t\t\t\t\t\t\t<div class=\"elementor-widget-wrap\">\n\t\t\t\t\t\t<div class=\"elementor-element elementor-element-fc25070 elementor-widget elementor-widget-image\" data-id=\"fc25070\" data-element_type=\"widget\" data-widget_type=\"image.default\">\n\t\t\t\t<div class=\"elementor-widget-container\">\n\t\t\t\t\t\t\t\t<div class=\"elementor-image\">\n\t\t\t\t\t\t\t\t\t\t\t\t\t<a href=\"https:\/\/kanalregister.hkdir.no\/publiseringskanaler\/erihplus\/periodical\/info.action?id=491001%20\" target=\"_blank\">\n\t\t\t\t\t\t\t<img width=\"295\" height=\"113\" src=\"https:\/\/revista.isfin.ro\/wp-content\/uploads\/2020\/07\/8.png\" class=\"attachment-large size-large\" alt=\"\" loading=\"lazy\" srcset=\"https:\/\/revista.isfin.ro\/wp-content\/uploads\/2020\/07\/8.png 295w, https:\/\/revista.isfin.ro\/wp-content\/uploads\/2020\/07\/8-24x9.png 24w, https:\/\/revista.isfin.ro\/wp-content\/uploads\/2020\/07\/8-36x14.png 36w, https:\/\/revista.isfin.ro\/wp-content\/uploads\/2020\/07\/8-48x18.png 48w\" sizes=\"(max-width: 295px) 100vw, 295px\" \/>\t\t\t\t\t\t\t\t<\/a>\n\t\t\t\t\t\t\t\t\t\t\t\t\t\t<\/div>\n\t\t\t\t\t\t<\/div>\n\t\t\t\t<\/div>\n\t\t\t\t\t\t<\/div>\n\t\t\t\t\t<\/div>\n\t\t<\/div>\n\t\t\t\t<div class=\"elementor-column elementor-col-50 elementor-inner-column elementor-element elementor-element-fc199c4\" data-id=\"fc199c4\" data-element_type=\"column\">\n\t\t\t<div class=\"elementor-column-wrap elementor-element-populated\">\n\t\t\t\t\t\t\t<div class=\"elementor-widget-wrap\">\n\t\t\t\t\t\t<div class=\"elementor-element elementor-element-daa0da8 elementor-widget elementor-widget-image\" data-id=\"daa0da8\" data-element_type=\"widget\" data-widget_type=\"image.default\">\n\t\t\t\t<div class=\"elementor-widget-container\">\n\t\t\t\t\t\t\t\t<div class=\"elementor-image\">\n\t\t\t\t\t\t\t\t\t\t\t\t\t<a href=\"https:\/\/www.ceeol.com\/search\/journal-detail?id=1800%20\" target=\"_blank\">\n\t\t\t\t\t\t\t<img width=\"295\" height=\"113\" src=\"https:\/\/revista.isfin.ro\/wp-content\/uploads\/2020\/07\/7.png\" class=\"attachment-large size-large\" alt=\"\" loading=\"lazy\" srcset=\"https:\/\/revista.isfin.ro\/wp-content\/uploads\/2020\/07\/7.png 295w, https:\/\/revista.isfin.ro\/wp-content\/uploads\/2020\/07\/7-24x9.png 24w, https:\/\/revista.isfin.ro\/wp-content\/uploads\/2020\/07\/7-36x14.png 36w, https:\/\/revista.isfin.ro\/wp-content\/uploads\/2020\/07\/7-48x18.png 48w\" sizes=\"(max-width: 295px) 100vw, 295px\" \/>\t\t\t\t\t\t\t\t<\/a>\n\t\t\t\t\t\t\t\t\t\t\t\t\t\t<\/div>\n\t\t\t\t\t\t<\/div>\n\t\t\t\t<\/div>\n\t\t\t\t\t\t<\/div>\n\t\t\t\t\t<\/div>\n\t\t<\/div>\n\t\t\t\t\t\t\t\t<\/div>\n\t\t\t\t\t<\/div>\n\t\t<\/section>\n\t\t\t\t<section class=\"elementor-section elementor-inner-section elementor-element elementor-element-9a636c3 elementor-section-boxed elementor-section-height-default elementor-section-height-default\" data-id=\"9a636c3\" data-element_type=\"section\">\n\t\t\t\t\t\t<div class=\"elementor-container elementor-column-gap-default\">\n\t\t\t\t\t\t\t<div class=\"elementor-row\">\n\t\t\t\t\t<div class=\"elementor-column elementor-col-50 elementor-inner-column elementor-element elementor-element-64271de\" data-id=\"64271de\" data-element_type=\"column\">\n\t\t\t<div class=\"elementor-column-wrap elementor-element-populated\">\n\t\t\t\t\t\t\t<div class=\"elementor-widget-wrap\">\n\t\t\t\t\t\t<div class=\"elementor-element elementor-element-d2e4bd1 elementor-widget elementor-widget-image\" data-id=\"d2e4bd1\" data-element_type=\"widget\" data-widget_type=\"image.default\">\n\t\t\t\t<div class=\"elementor-widget-container\">\n\t\t\t\t\t\t\t\t<div class=\"elementor-image\">\n\t\t\t\t\t\t\t\t\t\t\t\t\t<a href=\"https:\/\/doaj.org\/toc\/2559-1347?source=%7B%22query%22%3A%7B%22bool%22%3A%7B%22must%22%3A%5B%7B%22terms%22%3A%7B%22index.issn.exact%22%3A%5B%222537-3714%22%2C%222559-1347%22%5D%7D%7D%5D%7D%7D%2C%22size%22%3A100%2C%22sort%22%3A%5B%7B%22created_date%22%3A%7B%22order%22%3A%22desc%22%7D%7D%5D%2C%22_source%22%3A%7B%7D%2C%22track_total_hits%22%3Atrue%7D\" target=\"_blank\">\n\t\t\t\t\t\t\t<img width=\"295\" height=\"113\" src=\"https:\/\/revista.isfin.ro\/wp-content\/uploads\/2020\/07\/3.png\" class=\"attachment-large size-large\" alt=\"\" loading=\"lazy\" srcset=\"https:\/\/revista.isfin.ro\/wp-content\/uploads\/2020\/07\/3.png 295w, https:\/\/revista.isfin.ro\/wp-content\/uploads\/2020\/07\/3-24x9.png 24w, https:\/\/revista.isfin.ro\/wp-content\/uploads\/2020\/07\/3-36x14.png 36w, https:\/\/revista.isfin.ro\/wp-content\/uploads\/2020\/07\/3-48x18.png 48w\" sizes=\"(max-width: 295px) 100vw, 295px\" \/>\t\t\t\t\t\t\t\t<\/a>\n\t\t\t\t\t\t\t\t\t\t\t\t\t\t<\/div>\n\t\t\t\t\t\t<\/div>\n\t\t\t\t<\/div>\n\t\t\t\t\t\t<\/div>\n\t\t\t\t\t<\/div>\n\t\t<\/div>\n\t\t\t\t<div class=\"elementor-column elementor-col-50 elementor-inner-column elementor-element elementor-element-ebdbb68\" data-id=\"ebdbb68\" data-element_type=\"column\">\n\t\t\t<div class=\"elementor-column-wrap elementor-element-populated\">\n\t\t\t\t\t\t\t<div class=\"elementor-widget-wrap\">\n\t\t\t\t\t\t<div class=\"elementor-element elementor-element-8851294 elementor-widget elementor-widget-image\" data-id=\"8851294\" data-element_type=\"widget\" data-widget_type=\"image.default\">\n\t\t\t\t<div class=\"elementor-widget-container\">\n\t\t\t\t\t\t\t\t<div class=\"elementor-image\">\n\t\t\t\t\t\t\t\t\t\t\t\t\t<a href=\"https:\/\/scholar.google.com\/\" target=\"_blank\">\n\t\t\t\t\t\t\t<img width=\"295\" height=\"113\" src=\"https:\/\/revista.isfin.ro\/wp-content\/uploads\/2020\/07\/Google_Scholar_logo_2015.png\" class=\"attachment-large size-large\" alt=\"\" loading=\"lazy\" srcset=\"https:\/\/revista.isfin.ro\/wp-content\/uploads\/2020\/07\/Google_Scholar_logo_2015.png 295w, https:\/\/revista.isfin.ro\/wp-content\/uploads\/2020\/07\/Google_Scholar_logo_2015-24x9.png 24w, https:\/\/revista.isfin.ro\/wp-content\/uploads\/2020\/07\/Google_Scholar_logo_2015-36x14.png 36w, https:\/\/revista.isfin.ro\/wp-content\/uploads\/2020\/07\/Google_Scholar_logo_2015-48x18.png 48w\" sizes=\"(max-width: 295px) 100vw, 295px\" \/>\t\t\t\t\t\t\t\t<\/a>\n\t\t\t\t\t\t\t\t\t\t\t\t\t\t<\/div>\n\t\t\t\t\t\t<\/div>\n\t\t\t\t<\/div>\n\t\t\t\t\t\t<\/div>\n\t\t\t\t\t<\/div>\n\t\t<\/div>\n\t\t\t\t\t\t\t\t<\/div>\n\t\t\t\t\t<\/div>\n\t\t<\/section>\n\t\t\t\t<section class=\"elementor-section elementor-inner-section elementor-element elementor-element-7c8026b elementor-section-boxed elementor-section-height-default elementor-section-height-default\" data-id=\"7c8026b\" data-element_type=\"section\">\n\t\t\t\t\t\t<div class=\"elementor-container elementor-column-gap-default\">\n\t\t\t\t\t\t\t<div class=\"elementor-row\">\n\t\t\t\t\t<div class=\"elementor-column elementor-col-50 elementor-inner-column elementor-element elementor-element-d5471ba\" data-id=\"d5471ba\" data-element_type=\"column\">\n\t\t\t<div class=\"elementor-column-wrap elementor-element-populated\">\n\t\t\t\t\t\t\t<div class=\"elementor-widget-wrap\">\n\t\t\t\t\t\t<div class=\"elementor-element elementor-element-b185e5f elementor-widget elementor-widget-image\" data-id=\"b185e5f\" data-element_type=\"widget\" data-widget_type=\"image.default\">\n\t\t\t\t<div class=\"elementor-widget-container\">\n\t\t\t\t\t\t\t\t<div class=\"elementor-image\">\n\t\t\t\t\t\t\t\t\t\t\t\t\t<a href=\"https:\/\/econpapers.repec.org\/article\/fstrfsisf\/\" target=\"_blank\">\n\t\t\t\t\t\t\t<img width=\"295\" height=\"113\" src=\"https:\/\/revista.isfin.ro\/wp-content\/uploads\/2020\/07\/6.png\" class=\"attachment-large size-large\" alt=\"\" loading=\"lazy\" srcset=\"https:\/\/revista.isfin.ro\/wp-content\/uploads\/2020\/07\/6.png 295w, https:\/\/revista.isfin.ro\/wp-content\/uploads\/2020\/07\/6-24x9.png 24w, https:\/\/revista.isfin.ro\/wp-content\/uploads\/2020\/07\/6-36x14.png 36w, https:\/\/revista.isfin.ro\/wp-content\/uploads\/2020\/07\/6-48x18.png 48w\" sizes=\"(max-width: 295px) 100vw, 295px\" \/>\t\t\t\t\t\t\t\t<\/a>\n\t\t\t\t\t\t\t\t\t\t\t\t\t\t<\/div>\n\t\t\t\t\t\t<\/div>\n\t\t\t\t<\/div>\n\t\t\t\t\t\t<\/div>\n\t\t\t\t\t<\/div>\n\t\t<\/div>\n\t\t\t\t<div class=\"elementor-column elementor-col-50 elementor-inner-column elementor-element elementor-element-6de2d77 elementor-hidden-mobile\" data-id=\"6de2d77\" data-element_type=\"column\">\n\t\t\t<div class=\"elementor-column-wrap\">\n\t\t\t\t\t\t\t<div class=\"elementor-widget-wrap\">\n\t\t\t\t\t\t\t\t<\/div>\n\t\t\t\t\t<\/div>\n\t\t<\/div>\n\t\t\t\t\t\t\t\t<\/div>\n\t\t\t\t\t<\/div>\n\t\t<\/section>\n\t\t\t\t\t\t<\/div>\n\t\t\t\t\t<\/div>\n\t\t<\/div>\n\t\t\t\t\t\t\t\t<\/div>\n\t\t\t\t\t<\/div>\n\t\t<\/section>\n\t\t\t\t<section class=\"elementor-section elementor-top-section elementor-element elementor-element-494ffc2c elementor-section-boxed elementor-section-height-default elementor-section-height-default\" data-id=\"494ffc2c\" data-element_type=\"section\">\n\t\t\t\t\t\t<div class=\"elementor-container elementor-column-gap-default\">\n\t\t\t\t\t\t\t<div class=\"elementor-row\">\n\t\t\t\t\t<div class=\"elementor-column elementor-col-100 elementor-top-column elementor-element elementor-element-0f55968\" data-id=\"0f55968\" data-element_type=\"column\">\n\t\t\t<div class=\"elementor-column-wrap\">\n\t\t\t\t\t\t\t<div class=\"elementor-widget-wrap\">\n\t\t\t\t\t\t\t\t<\/div>\n\t\t\t\t\t<\/div>\n\t\t<\/div>\n\t\t\t\t\t\t\t\t<\/div>\n\t\t\t\t\t<\/div>\n\t\t<\/section>\n\t\t\t\t\t\t<\/div>\n\t\t\t\t\t\t<\/div>\n\t\t\t\t\t<\/div>","protected":false},"excerpt":{"rendered":"<p>ACAS\u0102 INDEX\u0102RI BDI GHID PENTRU AUTORI Template&gt; Englez\u0103 ARTICOLE PREMIATE \u00a0 INDEX\u0102RI BDI<\/p>","protected":false},"author":1,"featured_media":0,"parent":0,"menu_order":0,"comment_status":"closed","ping_status":"closed","template":"elementor_header_footer","meta":[],"yoast_head":"<title>Indexari BDI - Revista de Studii Financiare<\/title>\n<meta name=\"robots\" content=\"index, follow, max-snippet:-1, max-image-preview:large, max-video-preview:-1\" \/>\n<link rel=\"canonical\" href=\"https:\/\/revista.isfin.ro\/en\/indexare\/\" \/>\n<meta property=\"og:locale\" content=\"en_GB\" \/>\n<meta property=\"og:type\" content=\"article\" \/>\n<meta property=\"og:title\" content=\"Indexari BDI - Revista de Studii Financiare\" \/>\n<meta property=\"og:description\" content=\"ACAS\u0102 INDEX\u0102RI BDI GHID PENTRU AUTORI Template&gt; Englez\u0103 ARTICOLE PREMIATE \u00a0 INDEX\u0102RI BDI\" \/>\n<meta property=\"og:url\" content=\"https:\/\/revista.isfin.ro\/en\/indexare\/\" \/>\n<meta property=\"og:site_name\" content=\"Revista de Studii Financiare\" \/>\n<meta property=\"article:modified_time\" content=\"2025-05-30T14:22:43+00:00\" \/>\n<meta property=\"og:image\" content=\"https:\/\/revista.isfin.ro\/wp-content\/uploads\/2020\/07\/isf-logo.png\" \/>\n<meta name=\"twitter:card\" content=\"summary_large_image\" \/>\n<meta name=\"twitter:label1\" content=\"Estimated reading time\" \/>\n\t<meta name=\"twitter:data1\" content=\"2 minutes\" \/>\n<script type=\"application\/ld+json\" class=\"yoast-schema-graph\">{\"@context\":\"https:\/\/schema.org\",\"@graph\":[{\"@type\":\"WebSite\",\"@id\":\"https:\/\/revista.isfin.ro\/#website\",\"url\":\"https:\/\/revista.isfin.ro\/\",\"name\":\"Revista de Studii Financiare\",\"description\":\"\",\"potentialAction\":[{\"@type\":\"SearchAction\",\"target\":{\"@type\":\"EntryPoint\",\"urlTemplate\":\"https:\/\/revista.isfin.ro\/?s={search_term_string}\"},\"query-input\":\"required name=search_term_string\"}],\"inLanguage\":\"en-GB\"},{\"@type\":\"ImageObject\",\"@id\":\"https:\/\/revista.isfin.ro\/indexare\/#primaryimage\",\"inLanguage\":\"en-GB\",\"url\":\"https:\/\/revista.isfin.ro\/wp-content\/uploads\/2020\/07\/isf-logo.png\",\"contentUrl\":\"https:\/\/revista.isfin.ro\/wp-content\/uploads\/2020\/07\/isf-logo.png\",\"width\":212,\"height\":100},{\"@type\":\"WebPage\",\"@id\":\"https:\/\/revista.isfin.ro\/indexare\/#webpage\",\"url\":\"https:\/\/revista.isfin.ro\/indexare\/\",\"name\":\"Indexari BDI - Revista de Studii Financiare\",\"isPartOf\":{\"@id\":\"https:\/\/revista.isfin.ro\/#website\"},\"primaryImageOfPage\":{\"@id\":\"https:\/\/revista.isfin.ro\/indexare\/#primaryimage\"},\"datePublished\":\"2020-07-15T09:30:59+00:00\",\"dateModified\":\"2025-05-30T14:22:43+00:00\",\"breadcrumb\":{\"@id\":\"https:\/\/revista.isfin.ro\/indexare\/#breadcrumb\"},\"inLanguage\":\"en-GB\",\"potentialAction\":[{\"@type\":\"ReadAction\",\"target\":[\"https:\/\/revista.isfin.ro\/indexare\/\"]}]},{\"@type\":\"BreadcrumbList\",\"@id\":\"https:\/\/revista.isfin.ro\/indexare\/#breadcrumb\",\"itemListElement\":[{\"@type\":\"ListItem\",\"position\":1,\"name\":\"Prima pagin\\u0103\",\"item\":\"https:\/\/revista.isfin.ro\/\"},{\"@type\":\"ListItem\",\"position\":2,\"name\":\"Indexari BDI\"}]}]}<\/script>","yoast_head_json":{"title":"Indexari BDI - Revista de Studii Financiare","robots":{"index":"index","follow":"follow","max-snippet":"max-snippet:-1","max-image-preview":"max-image-preview:large","max-video-preview":"max-video-preview:-1"},"canonical":"https:\/\/revista.isfin.ro\/en\/indexare\/","og_locale":"en_GB","og_type":"article","og_title":"Indexari BDI - Revista de Studii Financiare","og_description":"ACAS\u0102 INDEX\u0102RI BDI GHID PENTRU AUTORI Template&gt; Englez\u0103 ARTICOLE PREMIATE \u00a0 INDEX\u0102RI BDI","og_url":"https:\/\/revista.isfin.ro\/en\/indexare\/","og_site_name":"Revista de Studii Financiare","article_modified_time":"2025-05-30T14:22:43+00:00","og_image":[{"url":"https:\/\/revista.isfin.ro\/wp-content\/uploads\/2020\/07\/isf-logo.png"}],"twitter_card":"summary_large_image","twitter_misc":{"Estimated reading time":"2 minutes"},"schema":{"@context":"https:\/\/schema.org","@graph":[{"@type":"WebSite","@id":"https:\/\/revista.isfin.ro\/#website","url":"https:\/\/revista.isfin.ro\/","name":"Revista de Studii Financiare","description":"","potentialAction":[{"@type":"SearchAction","target":{"@type":"EntryPoint","urlTemplate":"https:\/\/revista.isfin.ro\/?s={search_term_string}"},"query-input":"required name=search_term_string"}],"inLanguage":"en-GB"},{"@type":"ImageObject","@id":"https:\/\/revista.isfin.ro\/indexare\/#primaryimage","inLanguage":"en-GB","url":"https:\/\/revista.isfin.ro\/wp-content\/uploads\/2020\/07\/isf-logo.png","contentUrl":"https:\/\/revista.isfin.ro\/wp-content\/uploads\/2020\/07\/isf-logo.png","width":212,"height":100},{"@type":"WebPage","@id":"https:\/\/revista.isfin.ro\/indexare\/#webpage","url":"https:\/\/revista.isfin.ro\/indexare\/","name":"Indexari BDI - Revista de Studii Financiare","isPartOf":{"@id":"https:\/\/revista.isfin.ro\/#website"},"primaryImageOfPage":{"@id":"https:\/\/revista.isfin.ro\/indexare\/#primaryimage"},"datePublished":"2020-07-15T09:30:59+00:00","dateModified":"2025-05-30T14:22:43+00:00","breadcrumb":{"@id":"https:\/\/revista.isfin.ro\/indexare\/#breadcrumb"},"inLanguage":"en-GB","potentialAction":[{"@type":"ReadAction","target":["https:\/\/revista.isfin.ro\/indexare\/"]}]},{"@type":"BreadcrumbList","@id":"https:\/\/revista.isfin.ro\/indexare\/#breadcrumb","itemListElement":[{"@type":"ListItem","position":1,"name":"Prima pagin\u0103","item":"https:\/\/revista.isfin.ro\/"},{"@type":"ListItem","position":2,"name":"Indexari BDI"}]}]}},"_links":{"self":[{"href":"https:\/\/revista.isfin.ro\/en\/wp-json\/wp\/v2\/pages\/2269"}],"collection":[{"href":"https:\/\/revista.isfin.ro\/en\/wp-json\/wp\/v2\/pages"}],"about":[{"href":"https:\/\/revista.isfin.ro\/en\/wp-json\/wp\/v2\/types\/page"}],"author":[{"embeddable":true,"href":"https:\/\/revista.isfin.ro\/en\/wp-json\/wp\/v2\/users\/1"}],"replies":[{"embeddable":true,"href":"https:\/\/revista.isfin.ro\/en\/wp-json\/wp\/v2\/comments?post=2269"}],"version-history":[{"count":29,"href":"https:\/\/revista.isfin.ro\/en\/wp-json\/wp\/v2\/pages\/2269\/revisions"}],"predecessor-version":[{"id":10075,"href":"https:\/\/revista.isfin.ro\/en\/wp-json\/wp\/v2\/pages\/2269\/revisions\/10075"}],"wp:attachment":[{"href":"https:\/\/revista.isfin.ro\/en\/wp-json\/wp\/v2\/media?parent=2269"}],"curies":[{"name":"wp","href":"https:\/\/api.w.org\/{rel}","templated":true}]}}